{"id":23382,"date":"2024-03-04T15:03:53","date_gmt":"2024-03-04T13:03:53","guid":{"rendered":"http:\/\/iute.com\/meist\/markets\/"},"modified":"2024-12-18T14:18:00","modified_gmt":"2024-12-18T12:18:00","slug":"turud","status":"publish","type":"page","link":"https:\/\/iute.com\/et\/meist\/turud\/","title":{"rendered":"Turud"},"content":{"rendered":"<p><div class=\"fusion-fullwidth fullwidth-box fusion-builder-row-1 fusion-flex-container has-pattern-background has-mask-background nonhundred-percent-fullwidth non-hundred-percent-height-scrolling our-management gradient-container-1\" style=\"--awb-border-radius-top-left:0px;--awb-border-radius-top-right:0px;--awb-border-radius-bottom-right:0px;--awb-border-radius-bottom-left:0px;--awb-padding-top:0px;--awb-padding-right:0px;--awb-padding-bottom:0px;--awb-padding-left:0px;--awb-margin-top:30px;--awb-background-color:var(--awb-color2);--awb-flex-wrap:wrap;\" ><div class=\"fusion-builder-row fusion-row fusion-flex-align-items-flex-start fusion-flex-content-wrap\" style=\"max-width:calc( 1400px + 60px );margin-left: calc(-60px \/ 2 );margin-right: calc(-60px \/ 2 );\"><div class=\"fusion-layout-column fusion_builder_column fusion-builder-column-0 fusion_builder_column_1_1 1_1 fusion-flex-column\" style=\"--awb-padding-bottom:35px;--awb-overflow:hidden;--awb-bg-size:cover;--awb-border-radius:15px 15px 15px 15px;--awb-width-large:100%;--awb-margin-top-large:0px;--awb-spacing-right-large:calc( 0.025 * calc( 100% - 60px ) );--awb-margin-bottom-large:0px;--awb-spacing-left-large:calc( 0.025 * calc( 100% - 60px ) );--awb-width-medium:100%;--awb-order-medium:0;--awb-spacing-right-medium:30px;--awb-spacing-left-medium:30px;--awb-width-small:100%;--awb-order-small:0;--awb-spacing-right-small:30px;--awb-spacing-left-small:30px;\"><div class=\"fusion-column-wrapper fusion-column-has-shadow fusion-flex-justify-content-center fusion-content-layout-column\"><div class=\"fusion-title title fusion-title-1 fusion-sep-none fusion-title-text fusion-title-size-one\" style=\"--awb-text-color:#000000;--awb-margin-bottom:0px;--awb-margin-top-small:0px;--awb-margin-right-small:0px;--awb-margin-bottom-small:20px;--awb-margin-left-small:0px;\"><h1 class=\"fusion-title-heading title-heading-left fusion-responsive-typography-calculated\" style=\"margin:0;--fontSize:36;line-height:1.3;\">Kus me tegutseme?<\/h1><\/div><\/div><\/div><div class=\"fusion-layout-column fusion_builder_column fusion-builder-column-1 fusion_builder_column_2_3 2_3 fusion-flex-column\" style=\"--awb-padding-bottom:20px;--awb-bg-size:cover;--awb-width-large:66.666666666667%;--awb-margin-top-large:0px;--awb-spacing-right-large:calc( 0.0375 * calc( 100% - 60px ) );--awb-margin-bottom-large:0px;--awb-spacing-left-large:calc( 0.0375 * calc( 100% - 60px ) );--awb-width-medium:100%;--awb-order-medium:0;--awb-spacing-right-medium:30px;--awb-spacing-left-medium:30px;--awb-width-small:100%;--awb-order-small:0;--awb-spacing-right-small:30px;--awb-spacing-left-small:30px;\"><div class=\"fusion-column-wrapper fusion-column-has-shadow fusion-flex-justify-content-center fusion-content-layout-column\"><div class=\"fusion-title title fusion-title-2 fusion-sep-none fusion-title-text fusion-title-size-div\" style=\"--awb-text-color:#000000;--awb-margin-bottom:0.5em;--awb-margin-top-small:0px;--awb-margin-right-small:0px;--awb-margin-bottom-small:20px;--awb-margin-left-small:0px;\"><div class=\"fusion-title-heading title-heading-left title-heading-tag fusion-responsive-typography-calculated\" style=\"margin:0;--fontSize:15;line-height:1.4;\">\t\t\t\t\t\tIute asutati 2008. aastal Eestis. Me pakume eraisikute finantsteenuseid Moldovas, Albaanias, P\u00f5hja-Makedoonias ning Bulgaarias, laiendades samal ajal oma teenuste portfelli, sihtturgusid, ning br\u00e4ndi \u00f6kos\u00fcsteemi. <\/div><\/div><\/div><\/div><div class=\"fusion-layout-column fusion_builder_column fusion-builder-column-2 fusion_builder_column_1_1 1_1 fusion-flex-column\" style=\"--awb-padding-bottom:20px;--awb-bg-size:cover;--awb-width-large:100%;--awb-margin-top-large:0px;--awb-spacing-right-large:calc( 0.025 * calc( 100% - 60px ) );--awb-margin-bottom-large:0px;--awb-spacing-left-large:calc( 0.025 * calc( 100% - 60px ) );--awb-width-medium:100%;--awb-order-medium:0;--awb-spacing-right-medium:30px;--awb-spacing-left-medium:30px;--awb-width-small:100%;--awb-order-small:0;--awb-spacing-right-small:30px;--awb-spacing-left-small:30px;\"><div class=\"fusion-column-wrapper fusion-column-has-shadow fusion-flex-justify-content-center fusion-content-layout-column\">\n<div class=\"table-1\">\n<table width=\"100%\">\n<thead>\n<tr>\n<th align=\"left\"><\/th>\n<th align=\"left\">Rahvaarv<\/th>\n<th align=\"left\">T\u00f6\u00f6ealine elanikkond<\/th>\n<th align=\"left\">SKP<\/th>\n<th align=\"left\">Veebileht<\/th>\n<\/tr>\n<\/thead>\n<tbody>\n<tr>\n<td align=\"left\">Albaania<\/td>\n<td align=\"left\">2.8 <span style=\"font-weight: 400;\">mln <\/span><\/td>\n<td align=\"left\">1.2 <span style=\"font-weight: 400;\">mln <\/span><\/td>\n<td align=\"left\">17.2 <span style=\"font-weight: 400;\">mld $<\/span><\/td>\n<td align=\"left\"><a href=\"https:\/\/iute.al\/\" target=\"_blank\" rel=\"noopener\">iute.al<\/a><\/td>\n<\/tr>\n<tr>\n<td align=\"left\">Bulgaaria<\/td>\n<td align=\"left\">6.9 <span style=\"font-weight: 400;\">mln <\/span><\/td>\n<td align=\"left\">3.7 <span style=\"font-weight: 400;\">mln <\/span><\/td>\n<td align=\"left\">67.89 <span style=\"font-weight: 400;\">mld $<\/span><\/td>\n<td align=\"left\"><a href=\"https:\/\/iute.bg\/\" target=\"_blank\" rel=\"noopener\">iute.bg<\/a><\/td>\n<\/tr>\n<tr>\n<td align=\"left\">Moldova<\/td>\n<td align=\"left\">2.6 <span style=\"font-weight: 400;\">mln <\/span><\/td>\n<td align=\"left\">1.0 <span style=\"font-weight: 400;\">mln <\/span><\/td>\n<td align=\"left\">11.9 <span style=\"font-weight: 400;\">mld $<\/span><\/td>\n<td align=\"left\"><a href=\"https:\/\/iute.md\/\" target=\"_blank\" rel=\"noopener\">iute.md<\/a><\/td>\n<\/tr>\n<tr>\n<td align=\"left\">P\u00f5hja-Makedoonia<\/td>\n<td align=\"left\">2.0 <span style=\"font-weight: 400;\">mln <\/span><\/td>\n<td align=\"left\">0.9 <span style=\"font-weight: 400;\">mln <\/span><\/td>\n<td align=\"left\">12.3 <span style=\"font-weight: 400;\">mld $<\/span><\/td>\n<td align=\"left\"><a href=\"https:\/\/iute.mk\/\" target=\"_blank\" rel=\"noopener\">iute.mk<\/a><\/td>\n<\/tr>\n<tr>\n<td align=\"left\">Eesti<\/td>\n<td align=\"left\">1.2 <span style=\"font-weight: 400;\">mln <\/span><\/td>\n<td align=\"left\">0.7 <span style=\"font-weight: 400;\">mln <\/span><\/td>\n<td align=\"left\">47.44 <span style=\"font-weight: 400;\">mld $<\/span><\/td>\n<td align=\"left\"><a href=\"http:\/\/iute.com\" target=\"_blank\" rel=\"noopener\">iute.com<\/a><\/td>\n<\/tr>\n<\/tbody>\n<\/table>\n<\/div>\n<\/div><\/div>\n<\/div><\/div><div class=\"fusion-fullwidth fullwidth-box fusion-builder-row-2 fusion-flex-container has-pattern-background has-mask-background nonhundred-percent-fullwidth non-hundred-percent-height-scrolling gradient-container-2\" style=\"--awb-border-radius-top-left:0px;--awb-border-radius-top-right:0px;--awb-border-radius-bottom-right:0px;--awb-border-radius-bottom-left:0px;--awb-margin-top:60px;--awb-margin-bottom:60px;--awb-margin-top-medium:35px;--awb-margin-bottom-small:0px;--awb-flex-wrap:wrap;\" ><div class=\"fusion-builder-row fusion-row fusion-flex-align-items-stretch fusion-flex-content-wrap\" style=\"max-width:calc( 1400px + 25px );margin-left: calc(-25px \/ 2 );margin-right: calc(-25px \/ 2 );\"><div class=\"fusion-layout-column fusion_builder_column fusion-builder-column-3 fusion_builder_column_1_2 1_2 fusion-flex-column\" style=\"--awb-padding-top:35px;--awb-padding-right:35px;--awb-padding-bottom:35px;--awb-padding-left:25px;--awb-overflow:hidden;--awb-bg-image:linear-gradient(245deg, rgba(0,0,0,0) 18%,rgba(0,0,0,0.75) 100%),url(https:\/\/iute.com\/wp-content\/uploads\/2023\/10\/IuteCredit2022feb_384_fotoJarekJoepera-scaled.jpg);;--awb-bg-position:center center;--awb-bg-size:cover;--awb-border-radius:15px 15px 15px 15px;--awb-width-large:50%;--awb-margin-top-large:0px;--awb-spacing-right-large:12.5px;--awb-margin-bottom-large:0px;--awb-spacing-left-large:12.5px;--awb-width-medium:50%;--awb-order-medium:0;--awb-spacing-right-medium:12.5px;--awb-spacing-left-medium:12.5px;--awb-width-small:100%;--awb-order-small:0;--awb-spacing-right-small:12.5px;--awb-margin-bottom-small:25px;--awb-spacing-left-small:12.5px;\"><div class=\"fusion-column-wrapper fusion-column-has-shadow fusion-flex-justify-content-space-between fusion-content-layout-column fusion-column-has-bg-image\" data-bg-url=\"https:\/\/iute.com\/wp-content\/uploads\/2023\/10\/IuteCredit2022feb_384_fotoJarekJoepera-scaled.jpg\"><div class=\"fusion-builder-row fusion-builder-row-inner fusion-row fusion-flex-align-items-stretch fusion-flex-content-wrap\" style=\"--awb-flex-grow:0;--awb-flex-grow-medium:0;--awb-flex-grow-small:0;--awb-flex-shrink:0;--awb-flex-shrink-medium:0;--awb-flex-shrink-small:0;width:calc( 100% + 25px ) !important;max-width:calc( 100% + 25px ) !important;margin-left: calc(-25px \/ 2 );margin-right: calc(-25px \/ 2 );\"><div class=\"fusion-layout-column fusion_builder_column_inner fusion-builder-nested-column-0 fusion_builder_column_inner_5_6 5_6 fusion-flex-column\" style=\"--awb-bg-size:cover;--awb-width-large:83.333333333333%;--awb-margin-top-large:0px;--awb-spacing-right-large:12.5px;--awb-margin-bottom-large:20px;--awb-spacing-left-large:12.5px;--awb-width-medium:100%;--awb-order-medium:0;--awb-spacing-right-medium:12.5px;--awb-spacing-left-medium:12.5px;--awb-width-small:100%;--awb-order-small:0;--awb-spacing-right-small:12.5px;--awb-spacing-left-small:12.5px;\"><div class=\"fusion-column-wrapper fusion-column-has-shadow fusion-flex-justify-content-flex-start fusion-content-layout-column\"><div class=\"fusion-title title fusion-title-3 fusion-sep-none fusion-title-text fusion-title-size-three\" style=\"--awb-text-color:var(--awb-color1);--awb-margin-bottom:10px;--awb-margin-top-small:0px;--awb-margin-right-small:0px;--awb-margin-bottom-small:20px;--awb-margin-left-small:0px;\"><h3 class=\"fusion-title-heading title-heading-left fusion-responsive-typography-calculated\" style=\"margin:0;--fontSize:26;line-height:1.3;\">Join our team<\/h3><\/div><div class=\"fusion-title title fusion-title-4 fusion-sep-none fusion-title-text fusion-title-size-five\" style=\"--awb-text-color:var(--awb-color1);--awb-margin-top-small:0px;--awb-margin-right-small:0px;--awb-margin-bottom-small:20px;--awb-margin-left-small:0px;\"><h5 class=\"fusion-title-heading title-heading-left fusion-responsive-typography-calculated\" style=\"font-family:&quot;Manrope&quot;;font-style:normal;font-weight:800;margin:0;--fontSize:22;line-height:1.4;\">Be a part of<br \/>\nsomething extraordinary<\/h5><\/div><\/div><\/div><\/div><div class=\"fusion-separator fusion-full-width-sep\" style=\"align-self: center;margin-left: auto;margin-right: auto;margin-bottom:120px;width:100%;\"><div class=\"fusion-separator-border sep-double\" style=\"--awb-height:20px;--awb-amount:20px;border-color:rgba(255,252,252,0);border-top-width:0px;border-bottom-width:0px;\"><\/div><\/div><div class=\"fusion-builder-row fusion-builder-row-inner fusion-row fusion-flex-align-items-stretch fusion-flex-content-wrap\" style=\"--awb-flex-grow:0;--awb-flex-grow-medium:0;--awb-flex-grow-small:0;--awb-flex-shrink:0;--awb-flex-shrink-medium:0;--awb-flex-shrink-small:0;width:calc( 100% + 25px ) !important;max-width:calc( 100% + 25px ) !important;margin-left: calc(-25px \/ 2 );margin-right: calc(-25px \/ 2 );\"><div class=\"fusion-layout-column fusion_builder_column_inner fusion-builder-nested-column-1 fusion_builder_column_inner_2_3 2_3 fusion-flex-column fusion-no-small-visibility\" style=\"--awb-bg-size:cover;--awb-width-large:66.666666666667%;--awb-margin-top-large:0px;--awb-spacing-right-large:12.5px;--awb-margin-bottom-large:20px;--awb-spacing-left-large:12.5px;--awb-width-medium:100%;--awb-order-medium:0;--awb-spacing-right-medium:12.5px;--awb-spacing-left-medium:12.5px;--awb-width-small:100%;--awb-order-small:0;--awb-spacing-right-small:12.5px;--awb-spacing-left-small:12.5px;\"><div class=\"fusion-column-wrapper fusion-column-has-shadow fusion-flex-justify-content-flex-start fusion-content-layout-column\"><div class=\"fusion-text fusion-text-1\" style=\"--awb-text-color:var(--awb-color1);\"><p>Come and build a modern fintech bank with us! We are 1,000 people from 13 nationalities working in 6 countries.<\/p>\n<\/div><\/div><\/div><\/div><div ><a class=\"fusion-button button-flat button-small button-custom fusion-button-default button-1 fusion-button-default-span fusion-button-default-type\" style=\"--button_accent_color:var(--awb-color1);--button_border_color:var(--awb-color1);--button_accent_hover_color:var(--awb-color4);--button_border_hover_color:var(--awb-color4);--button_gradient_top_color:rgba(255,255,255,0);--button_gradient_bottom_color:rgba(255,255,255,0);--button_gradient_top_color_hover:rgba(255,255,255,0.6);--button_gradient_bottom_color_hover:rgba(255,255,255,0.6);\" target=\"_blank\" rel=\"noopener noreferrer\" data-hover=\"icon_slide\" href=\"https:\/\/careers.iute.com\/jobs\"><span class=\"fusion-button-text awb-button__text awb-button__text--default\">Career opportunities<\/span><i class=\"fa-arrow-right fas awb-button__icon awb-button__icon--default button-icon-right\" aria-hidden=\"true\"><\/i><\/a><\/div><\/div><\/div>\n<div class=\"fusion-layout-column fusion_builder_column fusion-builder-column-4 fusion_builder_column_1_2 1_2 fusion-flex-column\" style=\"--awb-padding-top:35px;--awb-padding-right:35px;--awb-padding-bottom:35px;--awb-padding-left:25px;--awb-overflow:hidden;--awb-bg-image:linear-gradient(270deg, rgba(0,0,0,0) 18%,rgba(0,0,0,0.75) 100%),url(https:\/\/iute.com\/wp-content\/uploads\/2024\/03\/9G4A2156-scaled.jpg);;--awb-bg-position:center center;--awb-bg-size:cover;--awb-border-radius:15px 15px 15px 15px;--awb-width-large:50%;--awb-margin-top-large:0px;--awb-spacing-right-large:12.5px;--awb-margin-bottom-large:0px;--awb-spacing-left-large:12.5px;--awb-width-medium:50%;--awb-order-medium:0;--awb-spacing-right-medium:12.5px;--awb-spacing-left-medium:12.5px;--awb-width-small:100%;--awb-order-small:0;--awb-spacing-right-small:12.5px;--awb-margin-bottom-small:25px;--awb-spacing-left-small:12.5px;\"><div class=\"fusion-column-wrapper fusion-column-has-shadow fusion-flex-justify-content-space-between fusion-content-layout-column fusion-column-has-bg-image\" data-bg-url=\"https:\/\/iute.com\/wp-content\/uploads\/2024\/03\/9G4A2156-scaled.jpg\"><div class=\"fusion-builder-row fusion-builder-row-inner fusion-row fusion-flex-align-items-stretch fusion-flex-content-wrap\" style=\"--awb-flex-grow:0;--awb-flex-grow-medium:0;--awb-flex-grow-small:0;--awb-flex-shrink:0;--awb-flex-shrink-medium:0;--awb-flex-shrink-small:0;width:calc( 100% + 25px ) !important;max-width:calc( 100% + 25px ) !important;margin-left: calc(-25px \/ 2 );margin-right: calc(-25px \/ 2 );\"><div class=\"fusion-layout-column fusion_builder_column_inner fusion-builder-nested-column-2 fusion_builder_column_inner_1_1 1_1 fusion-flex-column\" style=\"--awb-bg-size:cover;--awb-width-large:100%;--awb-margin-top-large:0px;--awb-spacing-right-large:12.5px;--awb-margin-bottom-large:20px;--awb-spacing-left-large:12.5px;--awb-width-medium:100%;--awb-order-medium:0;--awb-spacing-right-medium:12.5px;--awb-spacing-left-medium:12.5px;--awb-width-small:100%;--awb-order-small:0;--awb-spacing-right-small:12.5px;--awb-spacing-left-small:12.5px;\"><div class=\"fusion-column-wrapper fusion-column-has-shadow fusion-flex-justify-content-flex-start fusion-content-layout-column\"><div class=\"fusion-title title fusion-title-5 fusion-sep-none fusion-title-text fusion-title-size-three\" style=\"--awb-text-color:var(--awb-color1);--awb-margin-bottom:10px;--awb-margin-top-small:0px;--awb-margin-right-small:0px;--awb-margin-bottom-small:20px;--awb-margin-left-small:0px;\"><h3 class=\"fusion-title-heading title-heading-left fusion-responsive-typography-calculated\" style=\"margin:0;--fontSize:26;line-height:1.3;\">Environmental, Social and Corporate Governance<\/h3><\/div><div class=\"fusion-title title fusion-title-6 fusion-sep-none fusion-title-text fusion-title-size-five\" style=\"--awb-text-color:var(--awb-color1);--awb-margin-top-small:0px;--awb-margin-right-small:0px;--awb-margin-bottom-small:20px;--awb-margin-left-small:0px;\"><h5 class=\"fusion-title-heading title-heading-left fusion-responsive-typography-calculated\" style=\"font-family:&quot;Manrope&quot;;font-style:normal;font-weight:800;margin:0;--fontSize:22;line-height:1.4;\">We foster sustainable digital practices to reduce environmental impacts<\/h5><\/div><\/div><\/div><\/div><div class=\"fusion-separator fusion-full-width-sep\" style=\"align-self: center;margin-left: auto;margin-right: auto;margin-bottom:100px;width:100%;\"><div class=\"fusion-separator-border sep-double\" style=\"--awb-height:20px;--awb-amount:20px;border-color:rgba(255,252,252,0);border-top-width:0px;border-bottom-width:0px;\"><\/div><\/div><div class=\"fusion-builder-row fusion-builder-row-inner fusion-row fusion-flex-align-items-stretch fusion-flex-content-wrap\" style=\"--awb-flex-grow:0;--awb-flex-grow-medium:0;--awb-flex-grow-small:0;--awb-flex-shrink:0;--awb-flex-shrink-medium:0;--awb-flex-shrink-small:0;width:calc( 100% + 25px ) !important;max-width:calc( 100% + 25px ) !important;margin-left: calc(-25px \/ 2 );margin-right: calc(-25px \/ 2 );\"><div class=\"fusion-layout-column fusion_builder_column_inner fusion-builder-nested-column-3 fusion_builder_column_inner_3_4 3_4 fusion-flex-column fusion-no-small-visibility\" style=\"--awb-bg-size:cover;--awb-width-large:75%;--awb-margin-top-large:0px;--awb-spacing-right-large:12.5px;--awb-margin-bottom-large:20px;--awb-spacing-left-large:12.5px;--awb-width-medium:100%;--awb-order-medium:0;--awb-spacing-right-medium:12.5px;--awb-spacing-left-medium:12.5px;--awb-width-small:100%;--awb-order-small:0;--awb-spacing-right-small:12.5px;--awb-spacing-left-small:12.5px;\"><div class=\"fusion-column-wrapper fusion-column-has-shadow fusion-flex-justify-content-flex-start fusion-content-layout-column\"><div class=\"fusion-text fusion-text-2\" style=\"--awb-text-color:var(--awb-color1);\"><p>Iute Group has defined its main contribution to reducing environmental impacts in digitalization and the increasing use of digital channels that reduce the paper print but also the unnecessary footprint of our 1,000,000+ customer pool.<\/p>\n<\/div><\/div><\/div><\/div><div ><a class=\"fusion-button button-flat button-small button-custom fusion-button-default button-2 fusion-button-default-span fusion-button-default-type\" style=\"--button_accent_color:var(--awb-color1);--button_border_color:var(--awb-color1);--button_accent_hover_color:var(--awb-color4);--button_border_hover_color:var(--awb-color4);--button_gradient_top_color:rgba(255,255,255,0);--button_gradient_bottom_color:rgba(255,255,255,0);--button_gradient_top_color_hover:rgba(255,255,255,0.6);--button_gradient_bottom_color_hover:rgba(255,255,255,0.6);\" target=\"_self\" data-hover=\"icon_slide\" href=\"https:\/\/iute.com\/et\/esg\/\"><span class=\"fusion-button-text awb-button__text awb-button__text--default\">Read more about ESG<\/span><i class=\"fa-arrow-right fas awb-button__icon awb-button__icon--default button-icon-right\" aria-hidden=\"true\"><\/i><\/a><\/div><\/div><\/div>\n<\/div><\/div><\/p>\n","protected":false},"excerpt":{"rendered":"","protected":false},"author":8,"featured_media":22800,"parent":21644,"menu_order":0,"comment_status":"closed","ping_status":"closed","template":"","meta":{"footnotes":""},"class_list":["post-23382","page","type-page","status-publish","has-post-thumbnail","hentry"],"_links":{"self":[{"href":"https:\/\/iute.com\/et\/wp-json\/wp\/v2\/pages\/23382","targetHints":{"allow":["GET"]}}],"collection":[{"href":"https:\/\/iute.com\/et\/wp-json\/wp\/v2\/pages"}],"about":[{"href":"https:\/\/iute.com\/et\/wp-json\/wp\/v2\/types\/page"}],"author":[{"embeddable":true,"href":"https:\/\/iute.com\/et\/wp-json\/wp\/v2\/users\/8"}],"replies":[{"embeddable":true,"href":"https:\/\/iute.com\/et\/wp-json\/wp\/v2\/comments?post=23382"}],"version-history":[{"count":3,"href":"https:\/\/iute.com\/et\/wp-json\/wp\/v2\/pages\/23382\/revisions"}],"predecessor-version":[{"id":24209,"href":"https:\/\/iute.com\/et\/wp-json\/wp\/v2\/pages\/23382\/revisions\/24209"}],"up":[{"embeddable":true,"href":"https:\/\/iute.com\/et\/wp-json\/wp\/v2\/pages\/21644"}],"wp:featuredmedia":[{"embeddable":true,"href":"https:\/\/iute.com\/et\/wp-json\/wp\/v2\/media\/22800"}],"wp:attachment":[{"href":"https:\/\/iute.com\/et\/wp-json\/wp\/v2\/media?parent=23382"}],"curies":[{"name":"wp","href":"https:\/\/api.w.org\/{rel}","templated":true}]}}