{"id":23388,"date":"2024-03-04T15:05:46","date_gmt":"2024-03-04T13:05:46","guid":{"rendered":"http:\/\/iute.com\/meist\/milestones\/"},"modified":"2025-11-01T21:25:57","modified_gmt":"2025-11-01T19:25:57","slug":"saavutused","status":"publish","type":"page","link":"https:\/\/iute.com\/et\/meist\/saavutused\/","title":{"rendered":"Saavutused"},"content":{"rendered":"<div class=\"fusion-fullwidth fullwidth-box fusion-builder-row-1 fusion-flex-container nonhundred-percent-fullwidth non-hundred-percent-height-scrolling gradient-container-1\" style=\"--awb-border-radius-top-left:0px;--awb-border-radius-top-right:0px;--awb-border-radius-bottom-right:0px;--awb-border-radius-bottom-left:0px;--awb-padding-top:0px;--awb-padding-bottom:0px;--awb-margin-top:30px;--awb-margin-bottom:60px;--awb-margin-bottom-small:0px;--awb-flex-wrap:wrap;\" ><div class=\"fusion-builder-row fusion-row fusion-flex-align-items-flex-start fusion-flex-content-wrap\" style=\"max-width:calc( 1400px + 50px );margin-left: calc(-50px \/ 2 );margin-right: calc(-50px \/ 2 );\"><div class=\"fusion-layout-column fusion_builder_column fusion-builder-column-0 fusion_builder_column_1_1 1_1 fusion-flex-column\" style=\"--awb-bg-size:cover;--awb-width-large:100%;--awb-margin-top-large:0px;--awb-spacing-right-large:25px;--awb-margin-bottom-large:20px;--awb-spacing-left-large:25px;--awb-width-medium:100%;--awb-order-medium:0;--awb-spacing-right-medium:25px;--awb-spacing-left-medium:25px;--awb-width-small:100%;--awb-order-small:0;--awb-spacing-right-small:25px;--awb-spacing-left-small:25px;\"><div class=\"fusion-column-wrapper fusion-column-has-shadow fusion-flex-justify-content-flex-start fusion-content-layout-column\">\n\t\t\t\t<p class=\"rs-p-wp-fix\"><\/p>\n\t\t\t\t<sr7-module data-alias=\"live-timeline-carousel-eng-1\" data-id=\"29\" id=\"SR7_29_1\" class=\"rs-ov-hidden\" data-version=\"6.7.51\">\n\t\t\t\t\t<sr7-adjuster><\/sr7-adjuster>\n\t\t\t\t\t<sr7-content>\n\t\t\t\t\t\t<sr7-carousel>\n\t\t\t\t\t\t<sr7-slide id=\"SR7_29_1-178\" data-key=\"178\">\n\t\t\t\t\t\t\t<sr7-txt id=\"SR7_29_1-178-2\" class=\"sr7-layer\">2025<\/sr7-txt>\n\t\t\t\t\t\t\t<sr7-txt id=\"SR7_29_1-178-7\" class=\"sr7-layer\">Juuli <\/sr7-txt>\n\t\t\t\t\t\t\t<sr7-txt id=\"SR7_29_1-178-8\" class=\"sr7-layer\">Elektroonilise raha asutuse litsents Makedoonias<br \/>\n<br \/>\nFitch reitingu kinnitamine<br \/>\n<\/sr7-txt>\n\t\t\t\t\t\t<\/sr7-slide>\n\t\t\t\t\t\t<sr7-slide id=\"SR7_29_1-177\" data-key=\"177\">\n\t\t\t\t\t\t\t<sr7-txt id=\"SR7_29_1-177-2\" class=\"sr7-layer\">2025<\/sr7-txt>\n\t\t\t\t\t\t\t<sr7-txt id=\"SR7_29_1-177-7\" class=\"sr7-layer\">Juuni<\/sr7-txt>\n\t\t\t\t\t\t\t<sr7-txt id=\"SR7_29_1-177-8\" class=\"sr7-layer\">140 miljoni eurone v\u00f5lakirjaemissioon<\/sr7-txt>\n\t\t\t\t\t\t<\/sr7-slide>\n\t\t\t\t\t\t<sr7-slide id=\"SR7_29_1-176\" data-key=\"176\">\n\t\t\t\t\t\t\t<sr7-txt id=\"SR7_29_1-176-2\" class=\"sr7-layer\">2025<\/sr7-txt>\n\t\t\t\t\t\t\t<sr7-txt id=\"SR7_29_1-176-7\" class=\"sr7-layer\">Aprill <\/sr7-txt>\n\t\t\t\t\t\t\t<sr7-txt id=\"SR7_29_1-176-8\" class=\"sr7-layer\">Kindlustusvahenduse koost\u00f6\u00f6 Allianz Partnersi ja GrECo-ga<\/sr7-txt>\n\t\t\t\t\t\t<\/sr7-slide>\n\t\t\t\t\t\t<sr7-slide id=\"SR7_29_1-175\" data-key=\"175\">\n\t\t\t\t\t\t\t<sr7-txt id=\"SR7_29_1-175-2\" class=\"sr7-layer\">2025<\/sr7-txt>\n\t\t\t\t\t\t\t<sr7-txt id=\"SR7_29_1-175-7\" class=\"sr7-layer\">M\u00e4rts <\/sr7-txt>\n\t\t\t\t\t\t\t<sr7-txt id=\"SR7_29_1-175-8\" class=\"sr7-layer\">Iute Plus lojaalsusprogrammi k\u00e4ivitamine<\/sr7-txt>\n\t\t\t\t\t\t<\/sr7-slide>\n\t\t\t\t\t\t<sr7-slide id=\"SR7_29_1-174\" data-key=\"174\">\n\t\t\t\t\t\t\t<sr7-txt id=\"SR7_29_1-174-2\" class=\"sr7-layer\">2024 <\/sr7-txt>\n\t\t\t\t\t\t\t<sr7-txt id=\"SR7_29_1-174-7\" class=\"sr7-layer\">Detsember <\/sr7-txt>\n\t\t\t\t\t\t\t<sr7-txt id=\"SR7_29_1-174-8\" class=\"sr7-layer\">Elektroonilise raha asutuse litsents Bulgaarias<\/sr7-txt>\n\t\t\t\t\t\t<\/sr7-slide>\n\t\t\t\t\t\t<sr7-slide id=\"SR7_29_1-173\" data-key=\"173\">\n\t\t\t\t\t\t\t<sr7-txt id=\"SR7_29_1-173-2\" class=\"sr7-layer\">2024 <\/sr7-txt>\n\t\t\t\t\t\t\t<sr7-txt id=\"SR7_29_1-173-7\" class=\"sr7-layer\">November <\/sr7-txt>\n\t\t\t\t\t\t\t<sr7-txt id=\"SR7_29_1-173-8\" class=\"sr7-layer\">Kadi Raudsepp kinnitati Energbanki n\u00f5ukogu liikmeks<\/sr7-txt>\n\t\t\t\t\t\t<\/sr7-slide>\n\t\t\t\t\t\t<sr7-slide id=\"SR7_29_1-172\" data-key=\"172\">\n\t\t\t\t\t\t\t<sr7-txt id=\"SR7_29_1-172-2\" class=\"sr7-layer\">2024 <\/sr7-txt>\n\t\t\t\t\t\t\t<sr7-txt id=\"SR7_29_1-172-7\" class=\"sr7-layer\">Oktoober <\/sr7-txt>\n\t\t\t\t\t\t\t<sr7-txt id=\"SR7_29_1-172-8\" class=\"sr7-layer\">Iute FT1000 Euroopa kiireimini kasvavate ettev\u00f5tete seas<\/sr7-txt>\n\t\t\t\t\t\t<\/sr7-slide>\n\t\t\t\t\t\t<sr7-slide id=\"SR7_29_1-171\" data-key=\"171\">\n\t\t\t\t\t\t\t<sr7-txt id=\"SR7_29_1-171-2\" class=\"sr7-layer\">2024 <\/sr7-txt>\n\t\t\t\t\t\t\t<sr7-txt id=\"SR7_29_1-171-7\" class=\"sr7-layer\">September<\/sr7-txt>\n\t\t\t\t\t\t\t<sr7-txt id=\"SR7_29_1-171-8\" class=\"sr7-layer\">Kindlustusvahenduse pakkumine Makedoonias<\/sr7-txt>\n\t\t\t\t\t\t<\/sr7-slide>\n\t\t\t\t\t\t<sr7-slide id=\"SR7_29_1-170\" data-key=\"170\">\n\t\t\t\t\t\t\t<sr7-txt id=\"SR7_29_1-170-2\" class=\"sr7-layer\">2024 <\/sr7-txt>\n\t\t\t\t\t\t\t<sr7-txt id=\"SR7_29_1-170-7\" class=\"sr7-layer\">Juuli <\/sr7-txt>\n\t\t\t\t\t\t\t<sr7-txt id=\"SR7_29_1-170-8\" class=\"sr7-layer\">Fitch reiting B- (stabiilne v\u00e4ljavaade)<\/sr7-txt>\n\t\t\t\t\t\t<\/sr7-slide>\n\t\t\t\t\t\t<sr7-slide id=\"SR7_29_1-168\" data-key=\"168\">\n\t\t\t\t\t\t\t<sr7-txt id=\"SR7_29_1-168-2\" class=\"sr7-layer\">2024<\/sr7-txt>\n\t\t\t\t\t\t\t<sr7-txt id=\"SR7_29_1-168-7\" class=\"sr7-layer\">Aprill <\/sr7-txt>\n\t\t\t\t\t\t\t<sr7-txt id=\"SR7_29_1-168-8\" class=\"sr7-layer\">Kindlustusvahenduse pakkumine Bulgaarias<\/sr7-txt>\n\t\t\t\t\t\t<\/sr7-slide>\n\t\t\t\t\t\t<sr7-slide id=\"SR7_29_1-169\" data-key=\"169\">\n\t\t\t\t\t\t\t<sr7-txt id=\"SR7_29_1-169-2\" class=\"sr7-layer\"> 2024 <\/sr7-txt>\n\t\t\t\t\t\t\t<sr7-txt id=\"SR7_29_1-169-7\" class=\"sr7-layer\">Jaanuar <\/sr7-txt>\n\t\t\t\t\t\t\t<sr7-txt id=\"SR7_29_1-169-8\" class=\"sr7-layer\">1 miljon klienti<\/sr7-txt>\n\t\t\t\t\t\t<\/sr7-slide>\n\t\t\t\t\t\t<sr7-slide id=\"SR7_29_1-135\" data-key=\"135\">\n\t\t\t\t\t\t\t<sr7-txt id=\"SR7_29_1-135-2\" class=\"sr7-layer\">2023<\/sr7-txt>\n\t\t\t\t\t\t\t<sr7-txt id=\"SR7_29_1-135-7\" class=\"sr7-layer\">November<\/sr7-txt>\n\t\t\t\t\t\t\t<sr7-txt id=\"SR7_29_1-135-8\" class=\"sr7-layer\">Iute TOP 100 Eesti edukama ettev\u00f5tte seas<\/sr7-txt>\n\t\t\t\t\t\t<\/sr7-slide>\n\t\t\t\t\t\t<sr7-slide id=\"SR7_29_1-136\" data-key=\"136\">\n\t\t\t\t\t\t\t<sr7-txt id=\"SR7_29_1-136-2\" class=\"sr7-layer\">2023<\/sr7-txt>\n\t\t\t\t\t\t\t<sr7-txt id=\"SR7_29_1-136-7\" class=\"sr7-layer\">September <\/sr7-txt>\n\t\t\t\t\t\t\t<sr7-txt id=\"SR7_29_1-136-8\" class=\"sr7-layer\">Tarmo Sild kinnitati Energbanki n\u00f5ukogu liikmeks<\/sr7-txt>\n\t\t\t\t\t\t<\/sr7-slide>\n\t\t\t\t\t\t<sr7-slide id=\"SR7_29_1-137\" data-key=\"137\">\n\t\t\t\t\t\t\t<sr7-txt id=\"SR7_29_1-137-2\" class=\"sr7-layer\">2023<\/sr7-txt>\n\t\t\t\t\t\t\t<sr7-txt id=\"SR7_29_1-137-7\" class=\"sr7-layer\">August <\/sr7-txt>\n\t\t\t\t\t\t\t<sr7-txt id=\"SR7_29_1-137-8\" class=\"sr7-layer\">V\u00f5lakirjaomanike koosolek<\/sr7-txt>\n\t\t\t\t\t\t<\/sr7-slide>\n\t\t\t\t\t\t<sr7-slide id=\"SR7_29_1-138\" data-key=\"138\">\n\t\t\t\t\t\t\t<sr7-txt id=\"SR7_29_1-138-2\" class=\"sr7-layer\">2023<\/sr7-txt>\n\t\t\t\t\t\t\t<sr7-txt id=\"SR7_29_1-138-7\" class=\"sr7-layer\">Juuli <\/sr7-txt>\n\t\t\t\t\t\t\t<sr7-txt id=\"SR7_29_1-138-8\" class=\"sr7-layer\">10 miljoni eurone lisaemissioon<\/sr7-txt>\n\t\t\t\t\t\t<\/sr7-slide>\n\t\t\t\t\t\t<sr7-slide id=\"SR7_29_1-139\" data-key=\"139\">\n\t\t\t\t\t\t\t<sr7-txt id=\"SR7_29_1-139-2\" class=\"sr7-layer\">2023<\/sr7-txt>\n\t\t\t\t\t\t\t<sr7-txt id=\"SR7_29_1-139-7\" class=\"sr7-layer\">Juuni <\/sr7-txt>\n\t\t\t\t\t\t\t<sr7-txt id=\"SR7_29_1-139-8\" class=\"sr7-layer\">Iute hakkas Albaanias makseteenuseid pakkuma<\/sr7-txt>\n\t\t\t\t\t\t<\/sr7-slide>\n\t\t\t\t\t\t<sr7-slide id=\"SR7_29_1-140\" data-key=\"140\">\n\t\t\t\t\t\t\t<sr7-txt id=\"SR7_29_1-140-2\" class=\"sr7-layer\">2023<\/sr7-txt>\n\t\t\t\t\t\t\t<sr7-txt id=\"SR7_29_1-140-7\" class=\"sr7-layer\">Mai <\/sr7-txt>\n\t\t\t\t\t\t\t<sr7-txt id=\"SR7_29_1-140-8\" class=\"sr7-layer\">Iute muutis nime ja br\u00e4ndi<\/sr7-txt>\n\t\t\t\t\t\t<\/sr7-slide>\n\t\t\t\t\t\t<sr7-slide id=\"SR7_29_1-141\" data-key=\"141\">\n\t\t\t\t\t\t\t<sr7-txt id=\"SR7_29_1-141-2\" class=\"sr7-layer\">2023<\/sr7-txt>\n\t\t\t\t\t\t\t<sr7-txt id=\"SR7_29_1-141-7\" class=\"sr7-layer\">M\u00e4rts <\/sr7-txt>\n\t\t\t\t\t\t\t<sr7-txt id=\"SR7_29_1-141-8\" class=\"sr7-layer\">40 miljoni eurone v\u00f5lakirjaemissioon, sh aeguvate v\u00f5lakirjade vahetuspakkumine<\/sr7-txt>\n\t\t\t\t\t\t<\/sr7-slide>\n\t\t\t\t\t\t<sr7-slide id=\"SR7_29_1-142\" data-key=\"142\">\n\t\t\t\t\t\t\t<sr7-txt id=\"SR7_29_1-142-2\" class=\"sr7-layer\">2023<\/sr7-txt>\n\t\t\t\t\t\t\t<sr7-txt id=\"SR7_29_1-142-7\" class=\"sr7-layer\">Veebruar <\/sr7-txt>\n\t\t\t\t\t\t\t<sr7-txt id=\"SR7_29_1-142-8\" class=\"sr7-layer\">Sponsorleping ERSOga<\/sr7-txt>\n\t\t\t\t\t\t<\/sr7-slide>\n\t\t\t\t\t\t<sr7-slide id=\"SR7_29_1-144\" data-key=\"144\">\n\t\t\t\t\t\t\t<sr7-txt id=\"SR7_29_1-144-2\" class=\"sr7-layer\">2022<\/sr7-txt>\n\t\t\t\t\t\t\t<sr7-txt id=\"SR7_29_1-144-7\" class=\"sr7-layer\">November <\/sr7-txt>\n\t\t\t\t\t\t\t<sr7-txt id=\"SR7_29_1-144-8\" class=\"sr7-layer\">Iute peatas tegevuse laiendamise Bosnias ja Hertsegoviinas<\/sr7-txt>\n\t\t\t\t\t\t<\/sr7-slide>\n\t\t\t\t\t\t<sr7-slide id=\"SR7_29_1-143\" data-key=\"143\">\n\t\t\t\t\t\t\t<sr7-txt id=\"SR7_29_1-143-2\" class=\"sr7-layer\">2022<\/sr7-txt>\n\t\t\t\t\t\t\t<sr7-txt id=\"SR7_29_1-143-7\" class=\"sr7-layer\">Aprill <\/sr7-txt>\n\t\t\t\t\t\t\t<sr7-txt id=\"SR7_29_1-143-8\" class=\"sr7-layer\">Kindlustusvahenduse pakkumine Albaanias ja Moldovas<\/sr7-txt>\n\t\t\t\t\t\t<\/sr7-slide>\n\t\t\t\t\t\t<sr7-slide id=\"SR7_29_1-167\" data-key=\"167\">\n\t\t\t\t\t\t\t<sr7-txt id=\"SR7_29_1-167-2\" class=\"sr7-layer\">2022<\/sr7-txt>\n\t\t\t\t\t\t\t<sr7-txt id=\"SR7_29_1-167-7\" class=\"sr7-layer\">M\u00e4rts <\/sr7-txt>\n\t\t\t\t\t\t\t<sr7-txt id=\"SR7_29_1-167-8\" class=\"sr7-layer\">\u00dclev\u00f5tupakkumine Energbanki v\u00e4ikeaktsion\u00e4ridele<\/sr7-txt>\n\t\t\t\t\t\t<\/sr7-slide>\n\t\t\t\t\t\t<sr7-slide id=\"SR7_29_1-145\" data-key=\"145\">\n\t\t\t\t\t\t\t<sr7-txt id=\"SR7_29_1-145-2\" class=\"sr7-layer\">2022<\/sr7-txt>\n\t\t\t\t\t\t\t<sr7-txt id=\"SR7_29_1-145-7\" class=\"sr7-layer\">Veebruar <\/sr7-txt>\n\t\t\t\t\t\t\t<sr7-txt id=\"SR7_29_1-145-8\" class=\"sr7-layer\">E-raha litsents Albaanias<\/sr7-txt>\n\t\t\t\t\t\t<\/sr7-slide>\n\t\t\t\t\t\t<sr7-slide id=\"SR7_29_1-146\" data-key=\"146\">\n\t\t\t\t\t\t\t<sr7-txt id=\"SR7_29_1-146-2\" class=\"sr7-layer\">2022<\/sr7-txt>\n\t\t\t\t\t\t\t<sr7-txt id=\"SR7_29_1-146-7\" class=\"sr7-layer\">Jaanuar <\/sr7-txt>\n\t\t\t\t\t\t\t<sr7-txt id=\"SR7_29_1-146-8\" class=\"sr7-layer\">10% Energbanki aktsiate omandamine<\/sr7-txt>\n\t\t\t\t\t\t<\/sr7-slide>\n\t\t\t\t\t\t<sr7-slide id=\"SR7_29_1-147\" data-key=\"147\">\n\t\t\t\t\t\t\t<sr7-txt id=\"SR7_29_1-147-2\" class=\"sr7-layer\">2021<\/sr7-txt>\n\t\t\t\t\t\t\t<sr7-txt id=\"SR7_29_1-147-7\" class=\"sr7-layer\">September<\/sr7-txt>\n\t\t\t\t\t\t\t<sr7-txt id=\"SR7_29_1-147-8\" class=\"sr7-layer\">75 miljoni eurone v\u00f5lakirjaemissioon<\/sr7-txt>\n\t\t\t\t\t\t<\/sr7-slide>\n\t\t\t\t\t\t<sr7-slide id=\"SR7_29_1-148\" data-key=\"148\">\n\t\t\t\t\t\t\t<sr7-txt id=\"SR7_29_1-148-2\" class=\"sr7-layer\">2021<\/sr7-txt>\n\t\t\t\t\t\t\t<sr7-txt id=\"SR7_29_1-148-7\" class=\"sr7-layer\">M\u00e4rts <\/sr7-txt>\n\t\t\t\t\t\t\t<sr7-txt id=\"SR7_29_1-148-8\" class=\"sr7-layer\">Iute FT1000 Euroopa kiireimini kasvavate ettev\u00f5tete seas<\/sr7-txt>\n\t\t\t\t\t\t<\/sr7-slide>\n\t\t\t\t\t\t<sr7-slide id=\"SR7_29_1-149\" data-key=\"149\">\n\t\t\t\t\t\t\t<sr7-txt id=\"SR7_29_1-149-2\" class=\"sr7-layer\">2020<\/sr7-txt>\n\t\t\t\t\t\t\t<sr7-txt id=\"SR7_29_1-149-7\" class=\"sr7-layer\">Detsember <\/sr7-txt>\n\t\t\t\t\t\t\t<sr7-txt id=\"SR7_29_1-149-8\" class=\"sr7-layer\">10 miljoni eurone lisaemissioon Frankurdi b\u00f6rsil<\/sr7-txt>\n\t\t\t\t\t\t<\/sr7-slide>\n\t\t\t\t\t\t<sr7-slide id=\"SR7_29_1-150\" data-key=\"150\">\n\t\t\t\t\t\t\t<sr7-txt id=\"SR7_29_1-150-2\" class=\"sr7-layer\">2020<\/sr7-txt>\n\t\t\t\t\t\t\t<sr7-txt id=\"SR7_29_1-150-7\" class=\"sr7-layer\">November <\/sr7-txt>\n\t\t\t\t\t\t\t<sr7-txt id=\"SR7_29_1-150-8\" class=\"sr7-layer\">Esimene kaardivaba sularahaautomaat ja MyIute mobiilirakendus <\/sr7-txt>\n\t\t\t\t\t\t<\/sr7-slide>\n\t\t\t\t\t\t<sr7-slide id=\"SR7_29_1-151\" data-key=\"151\">\n\t\t\t\t\t\t\t<sr7-txt id=\"SR7_29_1-151-2\" class=\"sr7-layer\">2020<\/sr7-txt>\n\t\t\t\t\t\t\t<sr7-txt id=\"SR7_29_1-151-7\" class=\"sr7-layer\">M\u00e4rts <\/sr7-txt>\n\t\t\t\t\t\t\t<sr7-txt id=\"SR7_29_1-151-8\" class=\"sr7-layer\">COVID-19 stressitest<\/sr7-txt>\n\t\t\t\t\t\t<\/sr7-slide>\n\t\t\t\t\t\t<sr7-slide id=\"SR7_29_1-152\" data-key=\"152\">\n\t\t\t\t\t\t\t<sr7-txt id=\"SR7_29_1-152-2\" class=\"sr7-layer\">2020<\/sr7-txt>\n\t\t\t\t\t\t\t<sr7-txt id=\"SR7_29_1-152-7\" class=\"sr7-layer\">Veebruar <\/sr7-txt>\n\t\t\t\t\t\t\t<sr7-txt id=\"SR7_29_1-152-8\" class=\"sr7-layer\">600 000 klienti<\/sr7-txt>\n\t\t\t\t\t\t<\/sr7-slide>\n\t\t\t\t\t\t<sr7-slide id=\"SR7_29_1-153\" data-key=\"153\">\n\t\t\t\t\t\t\t<sr7-txt id=\"SR7_29_1-153-2\" class=\"sr7-layer\">2019 <\/sr7-txt>\n\t\t\t\t\t\t\t<sr7-txt id=\"SR7_29_1-153-7\" class=\"sr7-layer\">Detsember <\/sr7-txt>\n\t\t\t\t\t\t\t<sr7-txt id=\"SR7_29_1-153-8\" class=\"sr7-layer\">Kosovo tegevusloa t\u00fchistamine K\u00e4ive \u00fcle 50 miljoni euro<\/sr7-txt>\n\t\t\t\t\t\t<\/sr7-slide>\n\t\t\t\t\t\t<sr7-slide id=\"SR7_29_1-154\" data-key=\"154\">\n\t\t\t\t\t\t\t<sr7-txt id=\"SR7_29_1-154-1\" class=\"sr7-layer\">500 000 klienti<\/sr7-txt>\n\t\t\t\t\t\t\t<sr7-txt id=\"SR7_29_1-154-2\" class=\"sr7-layer\">2019 <\/sr7-txt>\n\t\t\t\t\t\t\t<sr7-txt id=\"SR7_29_1-154-7\" class=\"sr7-layer\">Juuli <\/sr7-txt>\n\t\t\t\t\t\t\t<sr7-txt id=\"SR7_29_1-154-8\" class=\"sr7-layer\">Emiteerisime 40 miljoni euro v\u00e4\u00e4rtuses v\u00f5lakirju <\/sr7-txt>\n\t\t\t\t\t\t<\/sr7-slide>\n\t\t\t\t\t\t<sr7-slide id=\"SR7_29_1-155\" data-key=\"155\">\n\t\t\t\t\t\t\t<sr7-txt id=\"SR7_29_1-155-2\" class=\"sr7-layer\">2019 <\/sr7-txt>\n\t\t\t\t\t\t\t<sr7-txt id=\"SR7_29_1-155-7\" class=\"sr7-layer\">Mai <\/sr7-txt>\n\t\t\t\t\t\t\t<sr7-txt id=\"SR7_29_1-155-8\" class=\"sr7-layer\">Alutasime \u00e4ri Bosnia ja Hertsegoviinas<\/sr7-txt>\n\t\t\t\t\t\t<\/sr7-slide>\n\t\t\t\t\t\t<sr7-slide id=\"SR7_29_1-156\" data-key=\"156\">\n\t\t\t\t\t\t\t<sr7-txt id=\"SR7_29_1-156-2\" class=\"sr7-layer\">2019 <\/sr7-txt>\n\t\t\t\t\t\t\t<sr7-txt id=\"SR7_29_1-156-7\" class=\"sr7-layer\">Veebruar <\/sr7-txt>\n\t\t\t\t\t\t\t<sr7-txt id=\"SR7_29_1-156-8\" class=\"sr7-layer\">Alustasime \u00e4ri Bulgaarias<\/sr7-txt>\n\t\t\t\t\t\t<\/sr7-slide>\n\t\t\t\t\t\t<sr7-slide id=\"SR7_29_1-157\" data-key=\"157\">\n\t\t\t\t\t\t\t<sr7-txt id=\"SR7_29_1-157-2\" class=\"sr7-layer\">2018 <\/sr7-txt>\n\t\t\t\t\t\t\t<sr7-txt id=\"SR7_29_1-157-7\" class=\"sr7-layer\">Oktoober<\/sr7-txt>\n\t\t\t\t\t\t\t<sr7-txt id=\"SR7_29_1-157-8\" class=\"sr7-layer\">300 000 klienti<\/sr7-txt>\n\t\t\t\t\t\t<\/sr7-slide>\n\t\t\t\t\t\t<sr7-slide id=\"SR7_29_1-158\" data-key=\"158\">\n\t\t\t\t\t\t\t<sr7-txt id=\"SR7_29_1-158-2\" class=\"sr7-layer\">2017<\/sr7-txt>\n\t\t\t\t\t\t\t<sr7-txt id=\"SR7_29_1-158-7\" class=\"sr7-layer\">November <\/sr7-txt>\n\t\t\t\t\t\t\t<sr7-txt id=\"SR7_29_1-158-8\" class=\"sr7-layer\">Alustasime \u00e4ri Kosovos<\/sr7-txt>\n\t\t\t\t\t\t<\/sr7-slide>\n\t\t\t\t\t\t<sr7-slide id=\"SR7_29_1-159\" data-key=\"159\">\n\t\t\t\t\t\t\t<sr7-txt id=\"SR7_29_1-159-2\" class=\"sr7-layer\">2017 <\/sr7-txt>\n\t\t\t\t\t\t\t<sr7-txt id=\"SR7_29_1-159-7\" class=\"sr7-layer\">November<\/sr7-txt>\n\t\t\t\t\t\t\t<sr7-txt id=\"SR7_29_1-159-8\" class=\"sr7-layer\">K\u00e4ive \u00fcle 12 miljoni euro <\/sr7-txt>\n\t\t\t\t\t\t\t<sr7-txt id=\"SR7_29_1-159-9\" class=\"sr7-layer\">200 000 klienti<\/sr7-txt>\n\t\t\t\t\t\t<\/sr7-slide>\n\t\t\t\t\t\t<sr7-slide id=\"SR7_29_1-160\" data-key=\"160\">\n\t\t\t\t\t\t\t<sr7-txt id=\"SR7_29_1-160-2\" class=\"sr7-layer\">2017 <\/sr7-txt>\n\t\t\t\t\t\t\t<sr7-txt id=\"SR7_29_1-160-7\" class=\"sr7-layer\">September<\/sr7-txt>\n\t\t\t\t\t\t\t<sr7-txt id=\"SR7_29_1-160-8\" class=\"sr7-layer\">Alustasime \u00e4ri P\u00f5hja-Makedoonias<\/sr7-txt>\n\t\t\t\t\t\t<\/sr7-slide>\n\t\t\t\t\t\t<sr7-slide id=\"SR7_29_1-161\" data-key=\"161\">\n\t\t\t\t\t\t\t<sr7-txt id=\"SR7_29_1-161-2\" class=\"sr7-layer\">2016<\/sr7-txt>\n\t\t\t\t\t\t\t<sr7-txt id=\"SR7_29_1-161-7\" class=\"sr7-layer\">August <\/sr7-txt>\n\t\t\t\t\t\t\t<sr7-txt id=\"SR7_29_1-161-8\" class=\"sr7-layer\">K\u00e4ive \u00fcle 5 miljoni euro <\/sr7-txt>\n\t\t\t\t\t\t\t<sr7-txt id=\"SR7_29_1-161-10\" class=\"sr7-layer\">100 000 klienti<\/sr7-txt>\n\t\t\t\t\t\t<\/sr7-slide>\n\t\t\t\t\t\t<sr7-slide id=\"SR7_29_1-162\" data-key=\"162\">\n\t\t\t\t\t\t\t<sr7-txt id=\"SR7_29_1-162-2\" class=\"sr7-layer\">2015 <\/sr7-txt>\n\t\t\t\t\t\t\t<sr7-txt id=\"SR7_29_1-162-7\" class=\"sr7-layer\">Aprill <\/sr7-txt>\n\t\t\t\t\t\t\t<sr7-txt id=\"SR7_29_1-162-8\" class=\"sr7-layer\">Alustasime \u00e4ri Albaanias<\/sr7-txt>\n\t\t\t\t\t\t<\/sr7-slide>\n\t\t\t\t\t\t<sr7-slide id=\"SR7_29_1-163\" data-key=\"163\">\n\t\t\t\t\t\t\t<sr7-txt id=\"SR7_29_1-163-2\" class=\"sr7-layer\"> 2014 <\/sr7-txt>\n\t\t\t\t\t\t\t<sr7-txt id=\"SR7_29_1-163-7\" class=\"sr7-layer\">Oktoober<\/sr7-txt>\n\t\t\t\t\t\t\t<sr7-txt id=\"SR7_29_1-163-8\" class=\"sr7-layer\">50 000 klienti<\/sr7-txt>\n\t\t\t\t\t\t<\/sr7-slide>\n\t\t\t\t\t\t<sr7-slide id=\"SR7_29_1-164\" data-key=\"164\">\n\t\t\t\t\t\t\t<sr7-txt id=\"SR7_29_1-164-2\" class=\"sr7-layer\">2011 <\/sr7-txt>\n\t\t\t\t\t\t\t<sr7-txt id=\"SR7_29_1-164-7\" class=\"sr7-layer\">Veebruar <\/sr7-txt>\n\t\t\t\t\t\t\t<sr7-txt id=\"SR7_29_1-164-8\" class=\"sr7-layer\">10 000 klienti<\/sr7-txt>\n\t\t\t\t\t\t<\/sr7-slide>\n\t\t\t\t\t\t<sr7-slide id=\"SR7_29_1-165\" data-key=\"165\">\n\t\t\t\t\t\t\t<sr7-txt id=\"SR7_29_1-165-2\" class=\"sr7-layer\">2008<\/sr7-txt>\n\t\t\t\t\t\t\t<sr7-txt id=\"SR7_29_1-165-7\" class=\"sr7-layer\">August <\/sr7-txt>\n\t\t\t\t\t\t\t<sr7-txt id=\"SR7_29_1-165-8\" class=\"sr7-layer\">1st Customer loan issued in Moldova<\/sr7-txt>\n\t\t\t\t\t\t<\/sr7-slide>\n\t\t\t\t\t\t<sr7-slide id=\"SR7_29_1-166\" data-key=\"166\">\n\t\t\t\t\t\t\t<sr7-txt id=\"SR7_29_1-166-2\" class=\"sr7-layer\">2008<\/sr7-txt>\n\t\t\t\t\t\t\t<sr7-txt id=\"SR7_29_1-166-7\" class=\"sr7-layer\">June<\/sr7-txt>\n\t\t\t\t\t\t\t<sr7-txt id=\"SR7_29_1-166-8\" class=\"sr7-layer\">IuteCredit founded in Moldova<\/sr7-txt>\n\t\t\t\t\t\t<\/sr7-slide>\n\t\t\t\t\t\t<sr7-slide id=\"SR7_29_1-179\" data-key=\"179\">\n\t\t\t\t\t\t\t<sr7-txt id=\"SR7_29_1-179-0\" class=\"sr7-layer\">Saavutused<\/sr7-txt>\n\t\t\t\t\t\t<\/sr7-slide>\n\t\t\t\t\t\t<\/sr7-carousel>\n\t\t\t\t\t<\/sr7-content>\n\t\t\t\t<\/sr7-module>\n\t\t\t\t<script>\n\t\t\t\t\twindow.SR7 ??={};SR7.PMH ??={}; SR7.PMH[\"SR7_29_1\"] = {cn:100,state:false,fn: function() { if (window._tpt!==undefined && window._tpt.prepareModuleHeight !== undefined) {  _tpt.prepareModuleHeight({id:\"SR7_29_1\",el:[600,600,560,560,560],type:'carousel',shdw:'0',gh:[600,600,600,600,560],gw:[320,320,320,300,260],vpt:['-200px&#039;,&#039;-200px&#039;,&#039;-200px&#039;,&#039;-200px&#039;,&#039;-200px'],size:{fullWidth:true, fullHeight:false},mh:'0',onh:0,onw:0,bg:{color:'{\"type\":\"solid\",\"orig\":\"#f2f2f2\",\"string\":\"rgba(242, 242, 242, 1)\"}'},carousel:{pt:'0',pb:'0'}});   SR7.PMH[\"SR7_29_1\"].state=true;} else if(SR7.PMH[\"SR7_29_1\"].cn-->0)\tsetTimeout( SR7.PMH[\"SR7_29_1\"].fn,19);}};SR7.PMH[\"SR7_29_1\" ].fn();\n\t\t\t\t<\/script>\n<\/div><\/div><\/div><\/div>\n","protected":false},"excerpt":{"rendered":"","protected":false},"author":8,"featured_media":22732,"parent":21644,"menu_order":0,"comment_status":"closed","ping_status":"closed","template":"","meta":{"footnotes":""},"class_list":["post-23388","page","type-page","status-publish","has-post-thumbnail","hentry"],"_links":{"self":[{"href":"https:\/\/iute.com\/et\/wp-json\/wp\/v2\/pages\/23388","targetHints":{"allow":["GET"]}}],"collection":[{"href":"https:\/\/iute.com\/et\/wp-json\/wp\/v2\/pages"}],"about":[{"href":"https:\/\/iute.com\/et\/wp-json\/wp\/v2\/types\/page"}],"author":[{"embeddable":true,"href":"https:\/\/iute.com\/et\/wp-json\/wp\/v2\/users\/8"}],"replies":[{"embeddable":true,"href":"https:\/\/iute.com\/et\/wp-json\/wp\/v2\/comments?post=23388"}],"version-history":[{"count":4,"href":"https:\/\/iute.com\/et\/wp-json\/wp\/v2\/pages\/23388\/revisions"}],"predecessor-version":[{"id":25916,"href":"https:\/\/iute.com\/et\/wp-json\/wp\/v2\/pages\/23388\/revisions\/25916"}],"up":[{"embeddable":true,"href":"https:\/\/iute.com\/et\/wp-json\/wp\/v2\/pages\/21644"}],"wp:featuredmedia":[{"embeddable":true,"href":"https:\/\/iute.com\/et\/wp-json\/wp\/v2\/media\/22732"}],"wp:attachment":[{"href":"https:\/\/iute.com\/et\/wp-json\/wp\/v2\/media?parent=23388"}],"curies":[{"name":"wp","href":"https:\/\/api.w.org\/{rel}","templated":true}]}}