{"id":23391,"date":"2024-03-04T15:04:43","date_gmt":"2024-03-04T13:04:43","guid":{"rendered":"http:\/\/iute.com\/meist\/myiute-ecosystem\/"},"modified":"2025-02-21T16:03:18","modified_gmt":"2025-02-21T14:03:18","slug":"mida-iute-pakub","status":"publish","type":"page","link":"https:\/\/iute.com\/et\/meist\/mida-iute-pakub\/","title":{"rendered":"Mida Iute pakub?"},"content":{"rendered":"<p><div class=\"fusion-fullwidth fullwidth-box fusion-builder-row-1 fusion-flex-container nonhundred-percent-fullwidth non-hundred-percent-height-scrolling gradient-container-1\" style=\"--awb-border-radius-top-left:0px;--awb-border-radius-top-right:0px;--awb-border-radius-bottom-right:0px;--awb-border-radius-bottom-left:0px;--awb-padding-top:0px;--awb-padding-right:0px;--awb-padding-bottom:0px;--awb-padding-left:0px;--awb-margin-top:30px;--awb-background-color:var(--awb-color2);--awb-flex-wrap:wrap;\" ><div class=\"fusion-builder-row fusion-row fusion-flex-align-items-flex-start fusion-flex-content-wrap\" style=\"max-width:calc( 1400px + 30px );margin-left: calc(-30px \/ 2 );margin-right: calc(-30px \/ 2 );\"><div class=\"fusion-layout-column fusion_builder_column fusion-builder-column-0 fusion_builder_column_1_2 1_2 fusion-flex-column\" style=\"--awb-bg-size:cover;--awb-width-large:50%;--awb-margin-top-large:0px;--awb-spacing-right-large:15px;--awb-margin-bottom-large:20px;--awb-spacing-left-large:15px;--awb-width-medium:100%;--awb-order-medium:0;--awb-spacing-right-medium:15px;--awb-spacing-left-medium:15px;--awb-width-small:100%;--awb-order-small:0;--awb-spacing-right-small:15px;--awb-spacing-left-small:15px;\"><div class=\"fusion-column-wrapper fusion-column-has-shadow fusion-flex-justify-content-flex-start fusion-content-layout-column\"><div class=\"fusion-builder-row fusion-builder-row-inner fusion-row fusion-flex-align-items-flex-start fusion-flex-content-wrap\" style=\"--awb-flex-grow:0;--awb-flex-grow-medium:0;--awb-flex-grow-small:0;--awb-flex-shrink:0;--awb-flex-shrink-medium:0;--awb-flex-shrink-small:0;width:calc( 100% + 30px ) !important;max-width:calc( 100% + 30px ) !important;margin-left: calc(-30px \/ 2 );margin-right: calc(-30px \/ 2 );\"><div class=\"fusion-layout-column fusion_builder_column_inner fusion-builder-nested-column-0 fusion_builder_column_inner_1_1 1_1 fusion-flex-column fusion-flex-align-self-flex-start\" style=\"--awb-padding-left:25px;--awb-bg-size:cover;--awb-border-color:var(--awb-color4);--awb-border-left:2px;--awb-border-style:solid;--awb-width-large:100%;--awb-margin-top-large:0px;--awb-spacing-right-large:15px;--awb-margin-bottom-large:25px;--awb-spacing-left-large:15px;--awb-width-medium:100%;--awb-order-medium:0;--awb-spacing-right-medium:15px;--awb-spacing-left-medium:15px;--awb-width-small:100%;--awb-order-small:0;--awb-spacing-right-small:15px;--awb-spacing-left-small:15px;\"><div class=\"fusion-column-wrapper fusion-column-has-shadow fusion-flex-justify-content-center fusion-content-layout-column\"><div class=\"fusion-text fusion-text-1 fusion-text-no-margin\" style=\"--awb-font-size:18px;--awb-margin-top:5px;--awb-margin-bottom:5px;\"><p>Me pakume j\u00e4relmakse, makseteenuseid, investeerimisv\u00f5imalusi ning pangandus- ja kindlustustooteid.<\/p>\n<\/div><\/div><\/div><\/div><div class=\"fusion-text fusion-text-2\"><p>Iute makseteenused varieeruvad riigiti, ulatudes t\u00e4islahendustest, mida pakutakse pangana, kuni osaliste lahendusteni, mis s\u00f5ltuvad antud riigis v\u00e4ljastatud litsentsist.<\/p>\n<p>Meie p\u00f5hilaenutooted on tagatiseta osamakselaenud ja osta-n\u00fc\u00fcd-maksa-hiljem laenud t\u00e4htajaga 3 kuni 48 kuud ning pandiga tagatud laenud t\u00e4htajaga kuni 72 kuud. Laene hallatakse l\u00e4bi v\u00e4ljakujunenud partnerite v\u00f5rgustiku (nagu poed, rahakande ettev\u00f5tted ja postiasutused), veebilehtede ja muude veebikanalite kaudu, samuti Iute esinduste (jaekontorite) kaudu.<\/p>\n<p>Me haldame oma sularahaautomaatide v\u00f5rku, mis on ligip\u00e4\u00e4setav Myiute rakenduse kaudu.<\/p>\n<\/div><\/div><\/div><div class=\"fusion-layout-column fusion_builder_column fusion-builder-column-1 fusion_builder_column_1_2 1_2 fusion-flex-column fusion-flex-align-self-flex-start\" style=\"--awb-overflow:hidden;--awb-bg-position:center top;--awb-bg-size:cover;--awb-border-radius:20px 20px 20px 20px;--awb-width-large:50%;--awb-margin-top-large:15px;--awb-spacing-right-large:15px;--awb-margin-bottom-large:15px;--awb-spacing-left-large:15px;--awb-width-medium:100%;--awb-order-medium:0;--awb-spacing-right-medium:15px;--awb-spacing-left-medium:15px;--awb-width-small:100%;--awb-order-small:0;--awb-spacing-right-small:15px;--awb-spacing-left-small:15px;\"><div class=\"fusion-column-wrapper fusion-column-has-shadow fusion-flex-justify-content-flex-start fusion-content-layout-column\"><div class=\"elegant-image elegant-image-0 elegant-align-center \"><div class=\"elegant-image-wrapper\"><img decoding=\"async\" src=\"http:\/\/iute.com\/wp-content\/uploads\/2022\/08\/ecosystem3.png\" alt=\"\" style=\"width:600px;\"\/><\/div><div class=\"elegant-image-blur-shadow\"><img decoding=\"async\" src=\"http:\/\/iute.com\/wp-content\/uploads\/2022\/08\/ecosystem3.png\" alt=\"\" style=\"width:600px;\"\/><\/div><style type=\"text\/css\">.elegant-image-0 .elegant-image-wrapper {\n\t\t\t\t\ttransform: none !important;\n\t\t\t\t}<\/style><\/div><\/div><\/div><\/div><\/div><div class=\"fusion-fullwidth fullwidth-box fusion-builder-row-2 fusion-flex-container has-pattern-background has-mask-background nonhundred-percent-fullwidth non-hundred-percent-height-scrolling gradient-container-2\" style=\"--awb-border-radius-top-left:0px;--awb-border-radius-top-right:0px;--awb-border-radius-bottom-right:0px;--awb-border-radius-bottom-left:0px;--awb-margin-top:20px;--awb-margin-bottom:60px;--awb-flex-wrap:wrap;\" ><div class=\"fusion-builder-row fusion-row fusion-flex-align-items-stretch fusion-flex-content-wrap\" style=\"max-width:calc( 1400px + 25px );margin-left: calc(-25px \/ 2 );margin-right: calc(-25px \/ 2 );\"><div class=\"fusion-layout-column fusion_builder_column fusion-builder-column-2 fusion_builder_column_1_2 1_2 fusion-flex-column\" style=\"--awb-padding-top:35px;--awb-padding-right:35px;--awb-padding-bottom:35px;--awb-padding-left:25px;--awb-overflow:hidden;--awb-bg-image:linear-gradient(270deg, rgba(0,0,0,0) 18%,rgba(0,0,0,0.75) 100%),url(https:\/\/iute.com\/wp-content\/uploads\/2024\/03\/9G4A2156-scaled.jpg);;--awb-bg-position:center center;--awb-bg-size:cover;--awb-border-radius:15px 15px 15px 15px;--awb-width-large:50%;--awb-margin-top-large:0px;--awb-spacing-right-large:12.5px;--awb-margin-bottom-large:0px;--awb-spacing-left-large:12.5px;--awb-width-medium:50%;--awb-order-medium:0;--awb-spacing-right-medium:12.5px;--awb-spacing-left-medium:12.5px;--awb-width-small:100%;--awb-order-small:0;--awb-spacing-right-small:12.5px;--awb-margin-bottom-small:25px;--awb-spacing-left-small:12.5px;\"><div class=\"fusion-column-wrapper fusion-column-has-shadow fusion-flex-justify-content-space-between fusion-content-layout-column fusion-column-has-bg-image\" data-bg-url=\"https:\/\/iute.com\/wp-content\/uploads\/2024\/03\/9G4A2156-scaled.jpg\"><div class=\"fusion-builder-row fusion-builder-row-inner fusion-row fusion-flex-align-items-stretch fusion-flex-content-wrap\" style=\"--awb-flex-grow:0;--awb-flex-grow-medium:0;--awb-flex-grow-small:0;--awb-flex-shrink:0;--awb-flex-shrink-medium:0;--awb-flex-shrink-small:0;width:calc( 100% + 25px ) !important;max-width:calc( 100% + 25px ) !important;margin-left: calc(-25px \/ 2 );margin-right: calc(-25px \/ 2 );\"><div class=\"fusion-layout-column fusion_builder_column_inner fusion-builder-nested-column-1 fusion_builder_column_inner_1_1 1_1 fusion-flex-column\" style=\"--awb-bg-size:cover;--awb-width-large:100%;--awb-margin-top-large:0px;--awb-spacing-right-large:12.5px;--awb-margin-bottom-large:20px;--awb-spacing-left-large:12.5px;--awb-width-medium:100%;--awb-order-medium:0;--awb-spacing-right-medium:12.5px;--awb-spacing-left-medium:12.5px;--awb-width-small:100%;--awb-order-small:0;--awb-spacing-right-small:12.5px;--awb-spacing-left-small:12.5px;\"><div class=\"fusion-column-wrapper fusion-column-has-shadow fusion-flex-justify-content-flex-start fusion-content-layout-column\"><div class=\"fusion-title title fusion-title-1 fusion-sep-none fusion-title-text fusion-title-size-three\" style=\"--awb-text-color:var(--awb-color1);--awb-margin-bottom:10px;--awb-margin-top-small:0px;--awb-margin-right-small:0px;--awb-margin-bottom-small:20px;--awb-margin-left-small:0px;\"><h3 class=\"fusion-title-heading title-heading-left fusion-responsive-typography-calculated\" style=\"margin:0;--fontSize:26;line-height:1.3;\">Environmental, Social and Corporate Governance<\/h3><\/div><div class=\"fusion-title title fusion-title-2 fusion-sep-none fusion-title-text fusion-title-size-five\" style=\"--awb-text-color:var(--awb-color1);--awb-margin-top-small:0px;--awb-margin-right-small:0px;--awb-margin-bottom-small:20px;--awb-margin-left-small:0px;\"><h5 class=\"fusion-title-heading title-heading-left fusion-responsive-typography-calculated\" style=\"font-family:&quot;Manrope&quot;;font-style:normal;font-weight:800;margin:0;--fontSize:22;line-height:1.4;\">We foster sustainable digital practices to reduce environmental impacts<\/h5><\/div><\/div><\/div><\/div><div class=\"fusion-separator fusion-full-width-sep\" style=\"align-self: center;margin-left: auto;margin-right: auto;margin-bottom:100px;width:100%;\"><div class=\"fusion-separator-border sep-double\" style=\"--awb-height:20px;--awb-amount:20px;border-color:rgba(255,252,252,0);border-top-width:0px;border-bottom-width:0px;\"><\/div><\/div><div class=\"fusion-builder-row fusion-builder-row-inner fusion-row fusion-flex-align-items-stretch fusion-flex-content-wrap\" style=\"--awb-flex-grow:0;--awb-flex-grow-medium:0;--awb-flex-grow-small:0;--awb-flex-shrink:0;--awb-flex-shrink-medium:0;--awb-flex-shrink-small:0;width:calc( 100% + 25px ) !important;max-width:calc( 100% + 25px ) !important;margin-left: calc(-25px \/ 2 );margin-right: calc(-25px \/ 2 );\"><div class=\"fusion-layout-column fusion_builder_column_inner fusion-builder-nested-column-2 fusion_builder_column_inner_3_4 3_4 fusion-flex-column fusion-no-small-visibility\" style=\"--awb-bg-size:cover;--awb-width-large:75%;--awb-margin-top-large:0px;--awb-spacing-right-large:12.5px;--awb-margin-bottom-large:20px;--awb-spacing-left-large:12.5px;--awb-width-medium:100%;--awb-order-medium:0;--awb-spacing-right-medium:12.5px;--awb-spacing-left-medium:12.5px;--awb-width-small:100%;--awb-order-small:0;--awb-spacing-right-small:12.5px;--awb-spacing-left-small:12.5px;\"><div class=\"fusion-column-wrapper fusion-column-has-shadow fusion-flex-justify-content-flex-start fusion-content-layout-column\"><div class=\"fusion-text fusion-text-3\" style=\"--awb-text-color:var(--awb-color1);\"><p>Iute Group has defined its main contribution to reducing environmental impacts in digitalization and the increasing use of digital channels that reduce the paper print but also the unnecessary footprint of our 1,000,000+ customer pool.<\/p>\n<\/div><\/div><\/div><\/div><div ><a class=\"fusion-button button-flat button-small button-custom fusion-button-default button-1 fusion-button-default-span fusion-button-default-type\" style=\"--button_accent_color:var(--awb-color1);--button_border_color:var(--awb-color1);--button_accent_hover_color:var(--awb-color4);--button_border_hover_color:var(--awb-color4);--button_gradient_top_color:rgba(255,255,255,0);--button_gradient_bottom_color:rgba(255,255,255,0);--button_gradient_top_color_hover:rgba(255,255,255,0.6);--button_gradient_bottom_color_hover:rgba(255,255,255,0.6);\" target=\"_self\" data-hover=\"icon_slide\" href=\"https:\/\/iute.com\/et\/esg\/\"><span class=\"fusion-button-text awb-button__text awb-button__text--default\">Read more about ESG<\/span><i class=\"fa-arrow-right fas awb-button__icon awb-button__icon--default button-icon-right\" aria-hidden=\"true\"><\/i><\/a><\/div><\/div><\/div>\n<div class=\"fusion-layout-column fusion_builder_column fusion-builder-column-3 fusion_builder_column_1_2 1_2 fusion-flex-column\" style=\"--awb-padding-top:35px;--awb-padding-right:35px;--awb-padding-bottom:35px;--awb-padding-left:25px;--awb-overflow:hidden;--awb-bg-image:linear-gradient(245deg, rgba(0,0,0,0) 18%,rgba(0,0,0,0.75) 100%),url(https:\/\/iute.com\/wp-content\/uploads\/2023\/10\/IuteCredit2022feb_384_fotoJarekJoepera-scaled.jpg);;--awb-bg-position:center center;--awb-bg-size:cover;--awb-border-radius:15px 15px 15px 15px;--awb-width-large:50%;--awb-margin-top-large:0px;--awb-spacing-right-large:12.5px;--awb-margin-bottom-large:0px;--awb-spacing-left-large:12.5px;--awb-width-medium:50%;--awb-order-medium:0;--awb-spacing-right-medium:12.5px;--awb-spacing-left-medium:12.5px;--awb-width-small:100%;--awb-order-small:0;--awb-spacing-right-small:12.5px;--awb-margin-bottom-small:25px;--awb-spacing-left-small:12.5px;\"><div class=\"fusion-column-wrapper fusion-column-has-shadow fusion-flex-justify-content-space-between fusion-content-layout-column fusion-column-has-bg-image\" data-bg-url=\"https:\/\/iute.com\/wp-content\/uploads\/2023\/10\/IuteCredit2022feb_384_fotoJarekJoepera-scaled.jpg\"><div class=\"fusion-builder-row fusion-builder-row-inner fusion-row fusion-flex-align-items-stretch fusion-flex-content-wrap\" style=\"--awb-flex-grow:0;--awb-flex-grow-medium:0;--awb-flex-grow-small:0;--awb-flex-shrink:0;--awb-flex-shrink-medium:0;--awb-flex-shrink-small:0;width:calc( 100% + 25px ) !important;max-width:calc( 100% + 25px ) !important;margin-left: calc(-25px \/ 2 );margin-right: calc(-25px \/ 2 );\"><div class=\"fusion-layout-column fusion_builder_column_inner fusion-builder-nested-column-3 fusion_builder_column_inner_5_6 5_6 fusion-flex-column\" style=\"--awb-bg-size:cover;--awb-width-large:83.333333333333%;--awb-margin-top-large:0px;--awb-spacing-right-large:12.5px;--awb-margin-bottom-large:20px;--awb-spacing-left-large:12.5px;--awb-width-medium:100%;--awb-order-medium:0;--awb-spacing-right-medium:12.5px;--awb-spacing-left-medium:12.5px;--awb-width-small:100%;--awb-order-small:0;--awb-spacing-right-small:12.5px;--awb-spacing-left-small:12.5px;\"><div class=\"fusion-column-wrapper fusion-column-has-shadow fusion-flex-justify-content-flex-start fusion-content-layout-column\"><div class=\"fusion-title title fusion-title-3 fusion-sep-none fusion-title-text fusion-title-size-three\" style=\"--awb-text-color:var(--awb-color1);--awb-margin-bottom:10px;--awb-margin-top-small:0px;--awb-margin-right-small:0px;--awb-margin-bottom-small:20px;--awb-margin-left-small:0px;\"><h3 class=\"fusion-title-heading title-heading-left fusion-responsive-typography-calculated\" style=\"margin:0;--fontSize:26;line-height:1.3;\">Join our team<\/h3><\/div><div class=\"fusion-title title fusion-title-4 fusion-sep-none fusion-title-text fusion-title-size-five\" style=\"--awb-text-color:var(--awb-color1);--awb-margin-top-small:0px;--awb-margin-right-small:0px;--awb-margin-bottom-small:20px;--awb-margin-left-small:0px;\"><h5 class=\"fusion-title-heading title-heading-left fusion-responsive-typography-calculated\" style=\"font-family:&quot;Manrope&quot;;font-style:normal;font-weight:800;margin:0;--fontSize:22;line-height:1.4;\">Be a part of<br \/>\nsomething extraordinary<\/h5><\/div><\/div><\/div><\/div><div class=\"fusion-separator fusion-full-width-sep\" style=\"align-self: center;margin-left: auto;margin-right: auto;margin-bottom:120px;width:100%;\"><div class=\"fusion-separator-border sep-double\" style=\"--awb-height:20px;--awb-amount:20px;border-color:rgba(255,252,252,0);border-top-width:0px;border-bottom-width:0px;\"><\/div><\/div><div class=\"fusion-builder-row fusion-builder-row-inner fusion-row fusion-flex-align-items-stretch fusion-flex-content-wrap\" style=\"--awb-flex-grow:0;--awb-flex-grow-medium:0;--awb-flex-grow-small:0;--awb-flex-shrink:0;--awb-flex-shrink-medium:0;--awb-flex-shrink-small:0;width:calc( 100% + 25px ) !important;max-width:calc( 100% + 25px ) !important;margin-left: calc(-25px \/ 2 );margin-right: calc(-25px \/ 2 );\"><div class=\"fusion-layout-column fusion_builder_column_inner fusion-builder-nested-column-4 fusion_builder_column_inner_2_3 2_3 fusion-flex-column fusion-no-small-visibility\" style=\"--awb-bg-size:cover;--awb-width-large:66.666666666667%;--awb-margin-top-large:0px;--awb-spacing-right-large:12.5px;--awb-margin-bottom-large:20px;--awb-spacing-left-large:12.5px;--awb-width-medium:100%;--awb-order-medium:0;--awb-spacing-right-medium:12.5px;--awb-spacing-left-medium:12.5px;--awb-width-small:100%;--awb-order-small:0;--awb-spacing-right-small:12.5px;--awb-spacing-left-small:12.5px;\"><div class=\"fusion-column-wrapper fusion-column-has-shadow fusion-flex-justify-content-flex-start fusion-content-layout-column\"><div class=\"fusion-text fusion-text-4\" style=\"--awb-text-color:var(--awb-color1);\"><p>Come and build a modern fintech bank with us! We are 1,000 people from 13 nationalities working in 6 countries.<\/p>\n<\/div><\/div><\/div><\/div><div ><a class=\"fusion-button button-flat button-small button-custom fusion-button-default button-2 fusion-button-default-span fusion-button-default-type\" style=\"--button_accent_color:var(--awb-color1);--button_border_color:var(--awb-color1);--button_accent_hover_color:var(--awb-color4);--button_border_hover_color:var(--awb-color4);--button_gradient_top_color:rgba(255,255,255,0);--button_gradient_bottom_color:rgba(255,255,255,0);--button_gradient_top_color_hover:rgba(255,255,255,0.6);--button_gradient_bottom_color_hover:rgba(255,255,255,0.6);\" target=\"_blank\" rel=\"noopener noreferrer\" data-hover=\"icon_slide\" href=\"https:\/\/careers.iute.com\/jobs\"><span class=\"fusion-button-text awb-button__text awb-button__text--default\">Career opportunities<\/span><i class=\"fa-arrow-right fas awb-button__icon awb-button__icon--default button-icon-right\" aria-hidden=\"true\"><\/i><\/a><\/div><\/div><\/div>\n<\/div><\/div><\/p>\n","protected":false},"excerpt":{"rendered":"","protected":false},"author":8,"featured_media":24441,"parent":21644,"menu_order":0,"comment_status":"closed","ping_status":"closed","template":"","meta":{"footnotes":""},"class_list":["post-23391","page","type-page","status-publish","has-post-thumbnail","hentry"],"_links":{"self":[{"href":"https:\/\/iute.com\/et\/wp-json\/wp\/v2\/pages\/23391","targetHints":{"allow":["GET"]}}],"collection":[{"href":"https:\/\/iute.com\/et\/wp-json\/wp\/v2\/pages"}],"about":[{"href":"https:\/\/iute.com\/et\/wp-json\/wp\/v2\/types\/page"}],"author":[{"embeddable":true,"href":"https:\/\/iute.com\/et\/wp-json\/wp\/v2\/users\/8"}],"replies":[{"embeddable":true,"href":"https:\/\/iute.com\/et\/wp-json\/wp\/v2\/comments?post=23391"}],"version-history":[{"count":5,"href":"https:\/\/iute.com\/et\/wp-json\/wp\/v2\/pages\/23391\/revisions"}],"predecessor-version":[{"id":24440,"href":"https:\/\/iute.com\/et\/wp-json\/wp\/v2\/pages\/23391\/revisions\/24440"}],"up":[{"embeddable":true,"href":"https:\/\/iute.com\/et\/wp-json\/wp\/v2\/pages\/21644"}],"wp:featuredmedia":[{"embeddable":true,"href":"https:\/\/iute.com\/et\/wp-json\/wp\/v2\/media\/24441"}],"wp:attachment":[{"href":"https:\/\/iute.com\/et\/wp-json\/wp\/v2\/media?parent=23391"}],"curies":[{"name":"wp","href":"https:\/\/api.w.org\/{rel}","templated":true}]}}