{"id":24154,"date":"2024-05-25T14:44:10","date_gmt":"2024-05-25T11:44:10","guid":{"rendered":"https:\/\/iute.com\/whistleblowing\/"},"modified":"2024-12-13T12:12:13","modified_gmt":"2024-12-13T10:12:13","slug":"vilepuhumine","status":"publish","type":"page","link":"https:\/\/iute.com\/et\/vilepuhumine\/","title":{"rendered":"Vilepuhumine"},"content":{"rendered":"<p><div class=\"fusion-fullwidth fullwidth-box fusion-builder-row-1 fusion-flex-container video-background has-pattern-background has-mask-background nonhundred-percent-fullwidth non-hundred-percent-height-scrolling gradient-container-1\" style=\"--awb-border-radius-top-left:20px;--awb-border-radius-top-right:20px;--awb-border-radius-bottom-right:20px;--awb-border-radius-bottom-left:20px;--awb-overflow:hidden;--awb-padding-top:60px;--awb-padding-bottom:60px;--awb-margin-top:0px;--awb-margin-bottom:60px;--awb-background-image:linear-gradient(0deg, rgba(0,0,0,0.45) 44%,rgba(0,0,0,0.06) 70%);--awb-flex-wrap:wrap;\" ><div class=\"fullwidth-video\"><video preload=\"auto\" autoplay playsinline loop muted><source src=\"http:\/\/iute.com\/wp-content\/uploads\/2024\/02\/IGR-v-slider-2_.mp4\" type=\"video\/mp4\"><\/video><\/div><div class=\"fullwidth-overlay\" style=\"background-image: linear-gradient(0deg, rgba(0,0,0,0.45) 44%,rgba(0,0,0,0.06) 70%);\"><\/div><div class=\"fusion-builder-row fusion-row fusion-flex-align-items-stretch fusion-flex-content-wrap\" style=\"max-width:1456px;margin-left: calc(-4% \/ 2 );margin-right: calc(-4% \/ 2 );\"><div class=\"fusion-layout-column fusion_builder_column fusion-builder-column-0 fusion_builder_column_1_1 1_1 fusion-flex-column\" style=\"--awb-padding-top:45px;--awb-padding-right:35px;--awb-padding-bottom:5px;--awb-padding-left:35px;--awb-bg-size:cover;--awb-width-large:100%;--awb-margin-top-large:0px;--awb-spacing-right-large:1.92%;--awb-margin-bottom-large:20px;--awb-spacing-left-large:1.92%;--awb-width-medium:100%;--awb-order-medium:0;--awb-spacing-right-medium:1.92%;--awb-spacing-left-medium:1.92%;--awb-width-small:100%;--awb-order-small:0;--awb-spacing-right-small:1.92%;--awb-spacing-left-small:1.92%;\"><div class=\"fusion-column-wrapper fusion-column-has-shadow fusion-flex-justify-content-flex-start fusion-content-layout-column\"><div class=\"fusion-builder-row fusion-builder-row-inner fusion-row fusion-flex-align-items-stretch fusion-flex-content-wrap\" style=\"--awb-flex-grow:0;--awb-flex-grow-medium:0;--awb-flex-grow-small:0;--awb-flex-shrink:0;--awb-flex-shrink-medium:0;--awb-flex-shrink-small:0;width:104% !important;max-width:104% !important;margin-left: calc(-4% \/ 2 );margin-right: calc(-4% \/ 2 );\"><div class=\"fusion-layout-column fusion_builder_column_inner fusion-builder-nested-column-0 fusion_builder_column_inner_1_1 1_1 fusion-flex-column\" style=\"--awb-bg-size:cover;--awb-width-large:100%;--awb-margin-top-large:0px;--awb-spacing-right-large:1.92%;--awb-margin-bottom-large:125px;--awb-spacing-left-large:1.92%;--awb-width-medium:100%;--awb-order-medium:0;--awb-spacing-right-medium:1.92%;--awb-spacing-left-medium:1.92%;--awb-width-small:100%;--awb-order-small:0;--awb-spacing-right-small:1.92%;--awb-spacing-left-small:1.92%;\"><div class=\"fusion-column-wrapper fusion-column-has-shadow fusion-flex-justify-content-flex-start fusion-content-layout-column\"><i class=\"fb-icon-element-1 fb-icon-element fontawesome-icon fa-bullhorn fas circle-no fusion-text-flow icon-hover-animation-slide\" style=\"--awb-font-size:50px;--awb-margin-bottom:0.5em;\"><\/i><div class=\"fusion-title title fusion-title-1 fusion-sep-none fusion-title-text fusion-title-size-one\" style=\"--awb-text-color:var(--awb-color1);--awb-margin-bottom:0px;--awb-margin-top-small:0px;--awb-margin-right-small:0px;--awb-margin-bottom-small:20px;--awb-margin-left-small:0px;\"><h1 class=\"fusion-title-heading title-heading-left fusion-responsive-typography-calculated\" style=\"margin:0;--fontSize:36;line-height:1.3;\">Vilepuhumine Iutes<\/h1><\/div><\/div><\/div><\/div><div class=\"fusion-builder-row fusion-builder-row-inner fusion-row fusion-flex-align-items-stretch fusion-flex-content-wrap\" style=\"--awb-flex-grow:0;--awb-flex-grow-medium:0;--awb-flex-grow-small:0;--awb-flex-shrink:0;--awb-flex-shrink-medium:0;--awb-flex-shrink-small:0;width:104% !important;max-width:104% !important;margin-left: calc(-4% \/ 2 );margin-right: calc(-4% \/ 2 );\"><div class=\"fusion-layout-column fusion_builder_column_inner fusion-builder-nested-column-1 fusion_builder_column_inner_1_2 1_2 fusion-flex-column\" style=\"--awb-bg-size:cover;--awb-width-large:50%;--awb-margin-top-large:0px;--awb-spacing-right-large:1.344%;--awb-margin-bottom-large:20px;--awb-spacing-left-large:3.84%;--awb-width-medium:25%;--awb-order-medium:0;--awb-spacing-right-medium:2.688%;--awb-spacing-left-medium:7.68%;--awb-width-small:100%;--awb-order-small:0;--awb-spacing-right-small:1.92%;--awb-spacing-left-small:1.92%;\"><div class=\"fusion-column-wrapper fusion-column-has-shadow fusion-flex-justify-content-flex-start fusion-content-layout-column\"><div class=\"fusion-text fusion-text-1\" style=\"--awb-text-color:var(--awb-color1);\"><p>Iute Group on loonud vihjete edastamise protseduuri, mis v\u00f5imaldab rikkumistest teada anda. Teavitamine t\u00e4hendab eba\u00f5ige k\u00e4itumise, teabe v\u00f5i p\u00f5hjendatud kahtluste raporteerimist tegelike v\u00f5i v\u00f5imalike rikkumiste kohta, samuti katseid rikkumisi varjata Iute Groupis. Oleme juhendanud ka t\u00f6\u00f6tajaid, kuidas sellistest juhtumitest teatada. Lisaks oleme loonud v\u00f5imaluse teavitamiseks ka oma v\u00e4listele partneritele.<\/p>\n<p>Iute v\u00e4\u00e4rtustab seaduste ja regulatsioonide j\u00e4rgimist ning tegutseb aususe ja terviklikkuse p\u00f5him\u00f5tetest l\u00e4htudes. K\u00f5ik Iute t\u00f6\u00f6tajad on oodatud hoidma k\u00f5rgeid standardeid vastavalt ettev\u00f5tte poliitikatele, protseduuridele ja eetilistele v\u00e4\u00e4rtustele.<\/p>\n<\/div><\/div><\/div><\/div><\/div><\/div><\/div><\/div><div class=\"fusion-fullwidth fullwidth-box fusion-builder-row-2 fusion-flex-container nonhundred-percent-fullwidth non-hundred-percent-height-scrolling gradient-container-2\" style=\"--awb-border-radius-top-left:0px;--awb-border-radius-top-right:0px;--awb-border-radius-bottom-right:0px;--awb-border-radius-bottom-left:0px;--awb-padding-top:0px;--awb-padding-bottom:50px;--awb-flex-wrap:wrap;\" ><div class=\"fusion-builder-row fusion-row fusion-flex-align-items-center fusion-flex-justify-content-center fusion-flex-content-wrap\" style=\"max-width:calc( 1400px + 60px );margin-left: calc(-60px \/ 2 );margin-right: calc(-60px \/ 2 );\"><div class=\"fusion-layout-column fusion_builder_column fusion-builder-column-1 fusion_builder_column_1_2 1_2 fusion-flex-column\" style=\"--awb-bg-size:cover;--awb-width-large:50%;--awb-margin-top-large:0px;--awb-spacing-right-large:30px;--awb-margin-bottom-large:20px;--awb-spacing-left-large:30px;--awb-width-medium:50%;--awb-order-medium:0;--awb-spacing-right-medium:30px;--awb-spacing-left-medium:30px;--awb-width-small:100%;--awb-order-small:0;--awb-spacing-right-small:30px;--awb-spacing-left-small:30px;\"><div class=\"fusion-column-wrapper fusion-column-has-shadow fusion-flex-justify-content-center fusion-content-layout-column\"><div class=\"fusion-title title fusion-title-2 fusion-sep-none fusion-title-text fusion-title-size-one\" style=\"--awb-text-color:var(--awb-color8);--awb-margin-top-small:0px;--awb-margin-right-small:0px;--awb-margin-bottom-small:20px;--awb-margin-left-small:0px;\"><h1 class=\"fusion-title-heading title-heading-left fusion-responsive-typography-calculated\" style=\"margin:0;--fontSize:36;line-height:1.3;\">Mida tuleks raporteerida?<\/h1><\/div><div class=\"fusion-text fusion-text-2\"><p>Kui kahtlustad v\u00e4\u00e4rk\u00e4itumist ja\/v\u00f5i rikkumist, eeskirjade eiramist v\u00f5i muid sarnaseid olukordi Iute Groupis, on oluline sellest teada anda. See h\u00f5lmab nii v\u00f5imalikke kui ka tegelikke rikkumisi v\u00f5i k\u00f5rvalekaldeid v\u00e4listest ja sisemistest eeskirjadest, n\u00e4iteks pettust, altk\u00e4emaksu ja korruptsiooni, diskrimineerimist, ahistamist, ebaeetilist k\u00e4itumist jne.<\/p>\n<p>Raporteerida tuleks siis, kui on p\u00f5hjendatud kahtlus, et v\u00e4\u00e4rk\u00e4itumine ja\/v\u00f5i rikkumine on aset leidnud. Palun arvestada, et kliendikaebusi v\u00f5i isiklikke vaidlusi ei peaks teavituste protseduuri kaudu esitama.<\/p>\n<\/div><div class=\"fusion-title title fusion-title-3 fusion-sep-none fusion-title-text fusion-title-size-one\" style=\"--awb-text-color:var(--awb-color8);--awb-margin-top-small:0px;--awb-margin-right-small:0px;--awb-margin-bottom-small:20px;--awb-margin-left-small:0px;\"><h1 class=\"fusion-title-heading title-heading-left fusion-responsive-typography-calculated\" style=\"margin:0;--fontSize:36;line-height:1.3;\">Kuidas teavitada?<\/h1><\/div><div class=\"fusion-text fusion-text-3\"><p>Esita oma teave v\u00f5imalike v\u00f5i tegelike rikkumiste ja v\u00e4\u00e4rk\u00e4itumise kohta vabas vormis spetsiaalsele teavituste aadressile, lisades oma nime ja kontaktandmed. Kirjuta v\u00f5imalikult \u00fcksikasjalikult.<\/p>\n<\/div><\/div><\/div><div class=\"fusion-layout-column fusion_builder_column fusion-builder-column-2 fusion_builder_column_1_2 1_2 fusion-flex-column\" style=\"--awb-overflow:hidden;--awb-bg-position:center center;--awb-bg-size:cover;--awb-border-radius:8px 8px 8px 8px;--awb-width-large:50%;--awb-margin-top-large:0px;--awb-spacing-right-large:30px;--awb-margin-bottom-large:20px;--awb-spacing-left-large:30px;--awb-width-medium:50%;--awb-order-medium:0;--awb-spacing-right-medium:30px;--awb-spacing-left-medium:10px;--awb-width-small:100%;--awb-order-small:0;--awb-spacing-right-small:30px;--awb-spacing-left-small:30px;\"><div class=\"fusion-column-wrapper fusion-column-has-shadow fusion-flex-justify-content-center fusion-content-layout-column\"><div class=\"fusion-builder-row fusion-builder-row-inner fusion-row fusion-flex-align-items-center fusion-flex-justify-content-center fusion-flex-content-wrap\" style=\"--awb-flex-grow:0;--awb-flex-grow-medium:0;--awb-flex-grow-small:0;--awb-flex-shrink:0;--awb-flex-shrink-medium:0;--awb-flex-shrink-small:0;width:calc( 100% + 60px ) !important;max-width:calc( 100% + 60px ) !important;margin-left: calc(-60px \/ 2 );margin-right: calc(-60px \/ 2 );\"><div class=\"fusion-layout-column fusion_builder_column_inner fusion-builder-nested-column-2 fusion_builder_column_inner_1_1 1_1 fusion-flex-column\" style=\"--awb-padding-top:15px;--awb-padding-right:25px;--awb-padding-left:25px;--awb-bg-size:cover;--awb-border-color:var(--awb-color4);--awb-border-left:2px;--awb-border-style:solid;--awb-width-large:100%;--awb-margin-top-large:20px;--awb-spacing-right-large:30px;--awb-margin-bottom-large:20px;--awb-spacing-left-large:30px;--awb-width-medium:100%;--awb-order-medium:0;--awb-spacing-right-medium:30px;--awb-spacing-left-medium:30px;--awb-width-small:100%;--awb-order-small:0;--awb-spacing-right-small:30px;--awb-spacing-left-small:30px;\"><div class=\"fusion-column-wrapper fusion-column-has-shadow fusion-flex-justify-content-flex-start fusion-content-layout-column\"><div class=\"fusion-text fusion-text-4\"><h3>TEAVITA SIIN<\/h3>\n<\/div><div class=\"fusion-text fusion-text-5 fusion-text-no-margin\" style=\"--awb-font-size:22px;--awb-text-color:var(--awb-color4);--awb-margin-top:10px;--awb-margin-bottom:0px;\"><p>whistleblowing@iute.com<\/p>\n<\/div><div class=\"fusion-text fusion-text-6\" style=\"--awb-margin-top:15px;\"><p><span style=\"background-color: var(--awb-bg-color-hover); color: var(--awb-text-color); font-family: var(--awb-text-font-family); font-size: var(--awb-font-size); font-style: var(--awb-text-font-style); font-weight: var(--awb-text-font-weight); letter-spacing: var(--awb-letter-spacing); text-align: var(--awb-content-alignment); text-transform: var(--awb-text-transform);\">KONFIDENTSIAALSUS ON TAGATUD!<\/span><\/p>\n<\/div><\/div><\/div><\/div><div class=\"fusion-title title fusion-title-4 fusion-sep-none fusion-title-text fusion-title-size-one\" style=\"--awb-text-color:var(--awb-color8);--awb-margin-top-small:0px;--awb-margin-right-small:0px;--awb-margin-bottom-small:20px;--awb-margin-left-small:0px;\"><h1 class=\"fusion-title-heading title-heading-left fusion-responsive-typography-calculated\" style=\"margin:0;--fontSize:36;line-height:1.3;\">Raportiga tegeletakse turvaliselt<\/h1><\/div><div class=\"fusion-text fusion-text-7\"><p>K\u00f5iki teavitusi k\u00e4sitletakse range konfidentsiaalsusega. Kogu esitatud teave j\u00e4\u00e4b konfidentsiaalseks ainult raporteerija ja nende isikute vahel, kellel on juurdep\u00e4\u00e4s teavituste protseduuri alusel esitatud raportitele. Raporteerija isik j\u00e4\u00e4b samuti konfidentsiaalseks.<\/p>\n<p>Teavituste aadressile p\u00e4\u00e4sevad ligi Iute Groupi siseaudiitor, \u00f5igus- ja vastavuse valdkonna juht ning tegevjuht. S\u00f5ltuvalt teavituse olemusest v\u00f5ib esitatud teave vajadusel edastada juhtkonna esindajale, et v\u00f5tta kasutusele sobivad meetmed v\u00f5i langetada vajalikud otsused teavituse p\u00f5hjal.<\/p>\n<\/div><\/div><\/div><\/div><\/div><\/p>\n","protected":false},"excerpt":{"rendered":"","protected":false},"author":20,"featured_media":21584,"parent":0,"menu_order":0,"comment_status":"closed","ping_status":"closed","template":"","meta":{"footnotes":""},"class_list":["post-24154","page","type-page","status-publish","has-post-thumbnail","hentry"],"_links":{"self":[{"href":"https:\/\/iute.com\/et\/wp-json\/wp\/v2\/pages\/24154","targetHints":{"allow":["GET"]}}],"collection":[{"href":"https:\/\/iute.com\/et\/wp-json\/wp\/v2\/pages"}],"about":[{"href":"https:\/\/iute.com\/et\/wp-json\/wp\/v2\/types\/page"}],"author":[{"embeddable":true,"href":"https:\/\/iute.com\/et\/wp-json\/wp\/v2\/users\/20"}],"replies":[{"embeddable":true,"href":"https:\/\/iute.com\/et\/wp-json\/wp\/v2\/comments?post=24154"}],"version-history":[{"count":2,"href":"https:\/\/iute.com\/et\/wp-json\/wp\/v2\/pages\/24154\/revisions"}],"predecessor-version":[{"id":24156,"href":"https:\/\/iute.com\/et\/wp-json\/wp\/v2\/pages\/24154\/revisions\/24156"}],"wp:featuredmedia":[{"embeddable":true,"href":"https:\/\/iute.com\/et\/wp-json\/wp\/v2\/media\/21584"}],"wp:attachment":[{"href":"https:\/\/iute.com\/et\/wp-json\/wp\/v2\/media?parent=24154"}],"curies":[{"name":"wp","href":"https:\/\/api.w.org\/{rel}","templated":true}]}}