{"id":25624,"date":"2025-07-24T15:24:51","date_gmt":"2025-07-24T12:24:51","guid":{"rendered":"https:\/\/iute.com\/cookie-policy\/"},"modified":"2025-08-13T15:54:03","modified_gmt":"2025-08-13T12:54:03","slug":"kupsiste-kasutamine","status":"publish","type":"page","link":"https:\/\/iute.com\/et\/kupsiste-kasutamine\/","title":{"rendered":"K\u00fcpsiste kasutamine"},"content":{"rendered":"<div class=\"fusion-fullwidth fullwidth-box fusion-builder-row-1 fusion-flex-container nonhundred-percent-fullwidth non-hundred-percent-height-scrolling gradient-container-1\" style=\"--awb-border-radius-top-left:0px;--awb-border-radius-top-right:0px;--awb-border-radius-bottom-right:0px;--awb-border-radius-bottom-left:0px;--awb-margin-bottom:20px;--awb-flex-wrap:wrap;\" ><div class=\"fusion-builder-row fusion-row fusion-flex-align-items-flex-start fusion-flex-justify-content-center fusion-flex-content-wrap\" style=\"max-width:1456px;margin-left: calc(-4% \/ 2 );margin-right: calc(-4% \/ 2 );\"><div class=\"fusion-layout-column fusion_builder_column fusion-builder-column-0 fusion_builder_column_2_3 2_3 fusion-flex-column\" style=\"--awb-bg-blend:overlay;--awb-bg-size:cover;--awb-width-large:66.666666666667%;--awb-margin-top-large:0px;--awb-spacing-right-large:2.88%;--awb-margin-bottom-large:20px;--awb-spacing-left-large:2.88%;--awb-width-medium:100%;--awb-spacing-right-medium:1.92%;--awb-spacing-left-medium:1.92%;--awb-width-small:100%;--awb-spacing-right-small:1.92%;--awb-spacing-left-small:1.92%;\"><div class=\"fusion-column-wrapper fusion-flex-justify-content-flex-start fusion-content-layout-column\"><div class=\"fusion-title title fusion-title-1 fusion-sep-none fusion-title-text fusion-title-size-one\" style=\"--awb-margin-bottom:1em;--awb-margin-top-small:0px;--awb-margin-right-small:0px;--awb-margin-bottom-small:20px;--awb-margin-left-small:0px;\"><h1 class=\"fusion-title-heading title-heading-left fusion-responsive-typography-calculated\" style=\"margin:0;--fontSize:36;line-height:1.3;\">K\u00fcpsiste kasutamine<\/h1><\/div><div class=\"fusion-text fusion-text-1\"><h6>I. K\u00fcpsiste kasutamise eesm\u00e4rk<\/h6>\n<p><strong>1.1<\/strong> K\u00e4esolevad k\u00fcpsiste kasutamise tingimused kirjeldavad, kuidas Iute Group AS (&#8220;<strong>Iute<\/strong>&#8220;, &#8220;<strong>meie<\/strong>&#8220;, &#8220;<strong>me<\/strong>&#8220;) kasutab k\u00fcpsiseid ja sarnaseid tehnoloogiaid oma veebilehel, koosk\u00f5las <a href=\"https:\/\/iute.com\/et\/privaatsusteate\/\" target=\"_blank\" rel=\"noopener\">privaatsusteate<\/a> ja <a href=\"https:\/\/iute.com\/et\/toolevotu-privaatsusteade\/\" target=\"_blank\" rel=\"noopener\">t\u00f6\u00f6lev\u00f5tu privaatsusteatega<\/a>.<\/p>\n<p><strong>1.2<\/strong> Anname \u00fclevaate, mis on k\u00fcpsised, kuidas ja milleks me neid kasutame, millistel juhtudel v\u00f5ivad meie partnerid k\u00fcpsiseid rakendada, millised on teie valikud k\u00fcpsiste haldamisel ning kust leiate lisateavet k\u00fcpsiste kohta.<\/p>\n<\/div><div class=\"fusion-text fusion-text-2\"><h6>II Mis on k\u00fcpsised?<\/h6>\n<p><strong>2.1<\/strong> K\u00fcpsised on v\u00e4ikesed tekstifailid, mis salvestatakse seadmesse veebilehitseja kaudu veebilehe k\u00fclastamise ajal. Nende abil on v\u00f5imalik tuvastada veebilehitsejat ning talletada teatud teavet, mis v\u00f5imaldab parandada veebilehe kasutusmugavust ja toimivust j\u00e4rgmistel k\u00fclastustel.<\/p>\n<p><strong>2.2<\/strong> K\u00fcpsiste kasutamise eelistusi on v\u00f5imalik igal ajal muuta. K\u00fcpsistest, mis on veebilehe toimimiseks vajalikud, loobuda ei saa.<\/p>\n<\/div><div ><a class=\"fusion-button button-flat button-small button-default fusion-button-default button-1 fusion-button-default-span fusion-button-default-type cky-banner-element\" target=\"_self\"><span class=\"fusion-button-text awb-button__text awb-button__text--default\">Muuda k\u00fcpsiste eelistusi<\/span><\/a><\/div><div class=\"fusion-separator fusion-full-width-sep\" style=\"align-self: center;margin-left: auto;margin-right: auto;margin-top:20px;width:100%;\"><\/div><div class=\"fusion-text fusion-text-3\"><h6>III K\u00fcpsiste kasutamine<\/h6>\n<p><strong>3.1<\/strong> K\u00fcpsiste kasutamine v\u00f5imaldab tagada veebilehe sujuva ja t\u00f5husa toimimise, kohandades kasutajakogemust varasemate toimingute ning eelistuste p\u00f5hjal.<\/p>\n<p><strong>3.2<\/strong> K\u00fcpsised v\u00f5imaldavad automaatselt kohandada veebisisu vastavalt seadistustele ja kasutusharjumustele. Samuti kogutakse statistilisi andmeid, mis annavad \u00fclevaate veebilehe kasutusest ja aitavad hinnata selle toimivust. Kogutud teavet kasutatakse veebilehe funktsionaalsuse ja sisu t\u00e4iustamiseks.<\/p>\n<p><strong>3.3<\/strong> Kasutatavad k\u00fcpsised v\u00f5ivad p\u00e4rineda nii veebilehe haldajalt (esimese osapoole k\u00fcpsised) kui ka usaldusv\u00e4\u00e4rsetelt kolmandatelt osapooltelt (kolmandate osapoolte k\u00fcpsised).<\/p>\n<\/div><div class=\"fusion-text fusion-text-4\"><h6>IV K\u00fcpsiste t\u00fc\u00fcbid<\/h6>\n<p><b>4.1 <\/b>Veebilehel kasutatakse j\u00e4rgnevaid k\u00fcpsiseid:<\/p>\n<ul>\n<li><b>Kohustuslikud k\u00fcpsised<\/b><br \/>\nNeed k\u00fcpsised on vajalikud veebilehe p\u00f5hiliste funktsioonide toimimiseks, nagu turvaline sisselogimine ja vormide esitamine. Ilma kohustuslike k\u00fcpsisteta ei ole mitmed teenused v\u00f5i funktsioonid k\u00e4ttesaadavad.<\/li>\n<li><strong>Funktsionaalsed k\u00fcpsised<\/strong><br \/>\nFunktsionaalsed k\u00fcpsised salvestavad kasutaja poolt tehtud valikud (n\u00e4iteks keele- v\u00f5i piirkonnaeelistused), v\u00f5imaldades pakkuda \u00fchtset ja isikup\u00e4rastatud kasutajakogemust ka edaspidistel k\u00fclastustel.<\/li>\n<li><b>Statistikak\u00fcpsised<br \/>\n<\/b>Need k\u00fcpsised aitavad koguda teavet veebilehe kasutamise kohta, et m\u00f5ista kasutajak\u00e4itumist, tuvastada tehnilisi probleeme ning t\u00e4iustada sisu ja funktsionaalsust. Kasutuses v\u00f5ivad olla kolmandate osapoolte t\u00f6\u00f6riistad (nt <a href=\"https:\/\/policies.google.com\/privacy?hl=en\" target=\"_blank\" rel=\"noopener\">Google Analytics<\/a>), mille k\u00e4igus v\u00f5idakse t\u00f6\u00f6delda ka andmeid v\u00e4ljaspool Euroopa Majanduspiirkonda.<br \/>\nK\u00fcpsiste kasutamist on v\u00f5imalik veebilehitsejas piirata, kuid see v\u00f5ib m\u00f5jutada veebilehe t\u00e4isfunktsionaalsust.<\/li>\n<li><strong>Reklaamik\u00fcpsised<\/strong><br \/>\nReklaamik\u00fcpsised koguvad teavet veebisirvimise harjumuste kohta, et edastada sihitud ja kasutajale asjakohast reklaamsisu nii veebilehel kui ka partnerplatvormidel.<br \/>\nLisateavet k\u00fcpsiste kasutamise kohta leiab j\u00e4rgmiste teenusepakkujate privaatsuspoliitikatest:<br \/>\n<a href=\"https:\/\/business.safety.google\/privacy\/google-services\/\" target=\"_blank\" rel=\"noopener noreferrer\">Google<\/a>, <a href=\"https:\/\/www.facebook.com\/privacy\/policy\/?entry_point=data_policy_redirect&amp;entry=0\" target=\"_blank\" rel=\"noopener noreferrer\">Meta<\/a>, <a href=\"https:\/\/www.linkedin.com\/legal\/privacy-policy\" target=\"_blank\" rel=\"noopener noreferrer\">LinkedIn<\/a>\u00a0ja <a href=\"https:\/\/www.twilio.com\/en-us\/legal\/privacy\" target=\"_blank\" rel=\"noopener noreferrer\">SendGrid<\/a>.<\/li>\n<\/ul>\n<p><b>4.2<\/b> K\u00fcpsiste s\u00e4ilitamise aeg s\u00f5ltub k\u00fcpsise liigist. Seansik\u00fcpsised kustutatakse automaatselt p\u00e4rast veebilehitseja sulgemist, samas kui p\u00fcsik\u00fcpsised j\u00e4\u00e4vad seadmesse m\u00e4\u00e4ratud ajaks v\u00f5i kuni need k\u00e4sitsi eemaldatakse.<\/p>\n<p><b>4.3<\/b> Kasutatavad k\u00fcpsised:<\/p>\n<\/div>\n<div class=\"table-1\">\n<p>&nbsp;<\/p>\n<table width=\"100%\">\n<thead>\n<tr>\n<th align=\"left\">Pakkuja<\/th>\n<th align=\"left\">K\u00fcpsis<\/th>\n<th align=\"left\">T\u00fc\u00fcp<\/th>\n<th align=\"left\">Aegumisaeg<\/th>\n<th align=\"left\">Eesm\u00e4rk<\/th>\n<\/tr>\n<\/thead>\n<tbody>\n<tr>\n<td align=\"left\">Teamtailor<\/td>\n<td align=\"left\">_tt_session<\/td>\n<td align=\"left\">Kohustuslik<\/td>\n<td align=\"left\">2 p\u00e4eva<\/td>\n<td align=\"left\">Hoiab sessiooni aktiivsena, nt kasutaja sisselogituna hoidmiseks.<\/td>\n<\/tr>\n<tr>\n<td align=\"left\">Teamtailor<\/td>\n<td align=\"left\">referrer<\/td>\n<td align=\"left\">Anal\u00fc\u00fctiline<\/td>\n<td align=\"left\">Sessioon<\/td>\n<td align=\"left\">Kasutatakse selleks, et tuvastada, milliselt veebilehelt kasutaja saabus.<\/td>\n<\/tr>\n<tr>\n<td align=\"left\">Teamtailor<\/td>\n<td align=\"left\">_ttCookiePermissions<\/td>\n<td align=\"left\">Kohustuslik<\/td>\n<td align=\"left\">6 kuud<\/td>\n<td align=\"left\">Salvestab k\u00fcpsiste eelistused.<\/td>\n<\/tr>\n<tr>\n<td align=\"left\">Teamtailor<\/td>\n<td align=\"left\">_ttAnalytics<\/td>\n<td align=\"left\">Anal\u00fc\u00fctiline<\/td>\n<td align=\"left\">6 kuud<\/td>\n<td align=\"left\">Kogub andmeid kasutaja tegevuse kohta veebilehel.<\/td>\n<\/tr>\n<tr>\n<td align=\"left\">Iute.com<\/td>\n<td align=\"left\">Session Cookies<\/td>\n<td align=\"left\">Kohustuslik<\/td>\n<td align=\"left\">Sessioon<\/td>\n<td align=\"left\">Vajalikud p\u00f5hifunktsioonideks (nt vormide esitamine, sisselogimine).<\/td>\n<\/tr>\n<tr>\n<td align=\"left\">Google Analytics<\/td>\n<td align=\"left\">_ga (Google Analytics)<\/td>\n<td align=\"left\">Anal\u00fc\u00fctiline<\/td>\n<td align=\"left\">2 aastat<\/td>\n<td align=\"left\">Kasutatakse k\u00fclastajate eristamiseks ja statistika kogumiseks.<\/td>\n<\/tr>\n<tr>\n<td align=\"left\">Google Analytics<\/td>\n<td align=\"left\">_gid (Google Analytics)<\/td>\n<td align=\"left\">Anal\u00fc\u00fctiline<\/td>\n<td align=\"left\">24 tundi<\/td>\n<td align=\"left\">Eristab kasutajaid. J\u00e4lgib k\u00e4itumist 24 h v\u00e4ltel.<\/td>\n<\/tr>\n<tr>\n<td align=\"left\">Google Analytics<\/td>\n<td align=\"left\">_gat (Google Analytics)<\/td>\n<td align=\"left\">J\u00f5udlusk\u00fcpsis<\/td>\n<td align=\"left\">1 minut<\/td>\n<td align=\"left\">Piirab p\u00e4ringute arvu ja parandab anal\u00fc\u00fctika j\u00f5udlust.<\/td>\n<\/tr>\n<tr>\n<td align=\"left\">Iute.com<\/td>\n<td align=\"left\">Functionality Cookies<\/td>\n<td align=\"left\">Funktsionaalne (valikuline)<\/td>\n<td align=\"left\">Kuni 1 aasta<\/td>\n<td align=\"left\">Salvestab kasutaja valikud (nt keel, sisselogimise info) isikup\u00e4rastatud kogemuse pakkumiseks.<\/td>\n<\/tr>\n<tr>\n<td align=\"left\">Facebook<\/td>\n<td align=\"left\">fr (Facebook Pixel)<\/td>\n<td align=\"left\">Reklaamik\u00fcpsis<\/td>\n<td align=\"left\">3 kuud<\/td>\n<td align=\"left\">Kasutatakse reklaamide kuvamiseks ja tulemuslikkuse m\u00f5\u00f5tmiseks.<\/td>\n<\/tr>\n<tr>\n<td align=\"left\">Facebook<\/td>\n<td align=\"left\">_fbp (Facebook Pixel)<\/td>\n<td align=\"left\">Reklaamik\u00fcpsis<\/td>\n<td align=\"left\">3 kuud<\/td>\n<td align=\"left\">J\u00e4lgib k\u00fclastaja tegevust reklaamide kuvamiseks kolmandatel platvormidel.<\/td>\n<\/tr>\n<tr>\n<td align=\"left\">Adform<\/td>\n<td align=\"left\">uid (Adform)<\/td>\n<td align=\"left\">Reklaamik\u00fcpsis<\/td>\n<td align=\"left\">2 kuud<\/td>\n<td align=\"left\">M\u00e4\u00e4rab unikaalse ID sihitud reklaamide n\u00e4itamiseks ja m\u00f5\u00f5tmiseks.<\/td>\n<\/tr>\n<tr>\n<td align=\"left\">Iute.com \/ tools<\/td>\n<td align=\"left\">Performance Cookies (misc.)<\/td>\n<td align=\"left\">J\u00f5udlusk\u00fcpsis<\/td>\n<td align=\"left\">Kuni 30 p\u00e4eva<\/td>\n<td align=\"left\">J\u00e4lgib lehe laadimise kiirust, navigeerimisk\u00e4itumist ja kasutajamustreid veebilehe optimeerimiseks.<\/td>\n<\/tr>\n<\/tbody>\n<\/table>\n<\/div>\n<div class=\"fusion-text fusion-text-5 fusion-text-no-margin\" style=\"--awb-margin-top:30px;--awb-margin-bottom:10px;\"><h6>V. K\u00fcpsiste haldamine<\/h6>\n<p><b>5.1 <\/b>K\u00fcpsiste eelistusi on v\u00f5imalik igal ajal muuta, kasutades vastavat valikut:<\/p>\n<\/div><div ><a class=\"fusion-button button-flat button-small button-default fusion-button-default button-2 fusion-button-default-span fusion-button-default-type cky-banner-element\" target=\"_self\"><span class=\"fusion-button-text awb-button__text awb-button__text--default\">Muuda k\u00fcpsiste eelistusi<\/span><\/a><\/div><div class=\"fusion-separator fusion-full-width-sep\" style=\"align-self: center;margin-left: auto;margin-right: auto;margin-top:20px;width:100%;\"><\/div><div class=\"fusion-text fusion-text-6\"><p><b>5.2<\/b> K\u00fcpsiste eemaldamiseks tuleb kustutada veebilehitseja sirvimisajalugu, mille k\u00e4igus eemaldatakse k\u00fcpsised ka teistelt veebilehtedelt. Selline toiming v\u00f5ib m\u00f5jutada veebilehtede t\u00f6\u00f6kindlust ja kasutajakogemust. Kohustuslikke k\u00fcpsiseid ei ole v\u00f5imalik keelata, kuna need on vajalikud veebilehe toimimiseks.<\/p>\n<p><b>5.3<\/b> K\u00fcpsiste haldamise v\u00f5imalused s\u00f5ltuvad kasutatavast veebilehitsejast. T\u00e4psemad juhised veebilehel <a href=\"http:\/\/www.allaboutcookies.org\/manage-cookies\/\" target=\"_blank\" rel=\"noopener noreferrer\">allaboutcookies.org<\/a>.<\/p>\n<\/div><div class=\"fusion-text fusion-text-7\"><h6>VI Kontakt<\/h6>\n<p><b>6.1<\/b> <span style=\"background-color: rgba(0, 0, 0, 0);\">K\u00fcpsiste kasutamise v\u00f5i isikuandmete t\u00f6\u00f6tlemisega seotud k\u00fcsimuste korral p\u00f6\u00f6rduda e-posti teel <span style=\"color: var(--awb-color4);\">dpo@iute.com<\/span>. T\u00e4psem teave andmesubjekti \u00f5iguste kohta on leitav <a href=\"https:\/\/iute.com\/et\/privaatsusteate\/\" target=\"_blank\" rel=\"noopener\">privaatsusteates<\/a> ja <a href=\"https:\/\/iute.com\/et\/toolevotu-privaatsusteade\/\" target=\"_blank\" rel=\"noopener\">t\u00f6\u00f6lev\u00f5tu privaatsusteates<\/a>.<\/span><\/p>\n<p>Ettev\u00f5ttel on \u00f5igus k\u00fcpsiste kasutamise tingimusi igal ajal muuta. K\u00f5ik muudatused avaldatakse k\u00e4esoleval lehel ning olulistest muudatustest teavitatakse asjakohasel viisil veebilehe kaudu.<\/p>\n<p>Viimati uuendatud: 24. juuli, 2025<\/p>\n<\/div><\/div><\/div><\/div><\/div>\n","protected":false},"excerpt":{"rendered":"","protected":false},"author":21,"featured_media":0,"parent":0,"menu_order":0,"comment_status":"closed","ping_status":"closed","template":"","meta":{"footnotes":""},"class_list":["post-25624","page","type-page","status-publish","hentry"],"_links":{"self":[{"href":"https:\/\/iute.com\/et\/wp-json\/wp\/v2\/pages\/25624","targetHints":{"allow":["GET"]}}],"collection":[{"href":"https:\/\/iute.com\/et\/wp-json\/wp\/v2\/pages"}],"about":[{"href":"https:\/\/iute.com\/et\/wp-json\/wp\/v2\/types\/page"}],"author":[{"embeddable":true,"href":"https:\/\/iute.com\/et\/wp-json\/wp\/v2\/users\/21"}],"replies":[{"embeddable":true,"href":"https:\/\/iute.com\/et\/wp-json\/wp\/v2\/comments?post=25624"}],"version-history":[{"count":5,"href":"https:\/\/iute.com\/et\/wp-json\/wp\/v2\/pages\/25624\/revisions"}],"predecessor-version":[{"id":25713,"href":"https:\/\/iute.com\/et\/wp-json\/wp\/v2\/pages\/25624\/revisions\/25713"}],"wp:attachment":[{"href":"https:\/\/iute.com\/et\/wp-json\/wp\/v2\/media?parent=25624"}],"curies":[{"name":"wp","href":"https:\/\/api.w.org\/{rel}","templated":true}]}}