{"id":25626,"date":"2025-07-24T15:23:15","date_gmt":"2025-07-24T12:23:15","guid":{"rendered":"https:\/\/iute.com\/recruitment-privacy-notice\/"},"modified":"2025-08-13T16:25:29","modified_gmt":"2025-08-13T13:25:29","slug":"toolevotu-privaatsusteade","status":"publish","type":"page","link":"https:\/\/iute.com\/et\/toolevotu-privaatsusteade\/","title":{"rendered":"T\u00f6\u00f6lev\u00f5tu privaatsusteade"},"content":{"rendered":"<div class=\"fusion-fullwidth fullwidth-box fusion-builder-row-1 fusion-flex-container nonhundred-percent-fullwidth non-hundred-percent-height-scrolling gradient-container-1\" style=\"--awb-border-radius-top-left:0px;--awb-border-radius-top-right:0px;--awb-border-radius-bottom-right:0px;--awb-border-radius-bottom-left:0px;--awb-margin-bottom:20px;--awb-flex-wrap:wrap;\" ><div class=\"fusion-builder-row fusion-row fusion-flex-align-items-flex-start fusion-flex-justify-content-center fusion-flex-content-wrap\" style=\"max-width:1456px;margin-left: calc(-4% \/ 2 );margin-right: calc(-4% \/ 2 );\"><div class=\"fusion-layout-column fusion_builder_column fusion-builder-column-0 fusion_builder_column_2_3 2_3 fusion-flex-column\" style=\"--awb-bg-blend:overlay;--awb-bg-size:cover;--awb-width-large:66.666666666667%;--awb-margin-top-large:0px;--awb-spacing-right-large:2.88%;--awb-margin-bottom-large:20px;--awb-spacing-left-large:2.88%;--awb-width-medium:100%;--awb-spacing-right-medium:1.92%;--awb-spacing-left-medium:1.92%;--awb-width-small:100%;--awb-spacing-right-small:1.92%;--awb-spacing-left-small:1.92%;\"><div class=\"fusion-column-wrapper fusion-flex-justify-content-flex-start fusion-content-layout-column\"><div class=\"fusion-title title fusion-title-1 fusion-sep-none fusion-title-text fusion-title-size-one\" style=\"--awb-margin-bottom:1em;--awb-margin-top-small:0px;--awb-margin-right-small:0px;--awb-margin-bottom-small:20px;--awb-margin-left-small:0px;\"><h1 class=\"fusion-title-heading title-heading-left fusion-responsive-typography-calculated\" style=\"margin:0;--fontSize:36;line-height:1.3;\">T\u00f6\u00f6lev\u00f5tu privaatsusteade<\/h1><\/div><div class=\"fusion-text fusion-text-1\"><h6>I. T\u00f6\u00f6lev\u00f5tu privaatsusteate eesm\u00e4rk<\/h6>\n<p><strong>1.1<\/strong> <span style=\"background-color: rgba(0, 0, 0, 0);\">K\u00e4esoleva t\u00f6\u00f6lev\u00f5tu privaatsusteade (\u201e<b>Privaatsusteade<\/b>\u201c) eesm\u00e4rk on selgitada, kuidas Iute Group AS (\u201e<b>Iute<\/b>\u201c, \u201e<b>meie<\/b>\u201c, \u201e<b>me<\/b>\u201c) korraldab t\u00f6\u00f6andja br\u00e4ndingu ja v\u00e4rbamisprotsessi oma <a href=\"https:\/\/careers.iute.com\/\" target=\"_blank\" rel=\"noopener noreferrer\">karj\u00e4\u00e4rilehe <\/a>(\u201e<b>Karj\u00e4\u00e4rileht<\/b>\u201c) kaudu ning t\u00f6\u00f6tleb kandidaatide isikuandmeid \u2013 nii nende isikute puhul, kellega v\u00f5etakse \u00fchendust otse, kui ka nende puhul, kes kandideerivad avalikult kuulutatud ametikohtadele (\u201e<b>kandidaadid<\/b>\u201c).<\/span><\/p>\n<p>1.2 Isikuandmete edastamisega kinnitab kandidaat, et ta on Privaatsusteate sisuga tutvunud ning sellest aru saanud.<\/p>\n<\/div><div class=\"fusion-text fusion-text-2\"><h6>II. Kes me oleme<\/h6>\n<p><b>2.1 <\/b>Isikuandmete kaitse \u00fcldm\u00e4\u00e4ruse (\u201e<b>IK\u00dcM<\/b>\u201c) kohaselt on andmet\u00f6\u00f6tlejaks Iute Group AS. K\u00fcsimuste korral v\u00f5tta \u00fchendust e-posti aadressil <span style=\"color: var(--awb-color4);\">dpo@iute.com<\/span>.<\/p>\n<\/div><div class=\"fusion-text fusion-text-3\"><h6>III. Isikuandmete liigid<\/h6>\n<p><b>3.1<\/b> Olenevalt  kandidaadi suhtlusest meiega, v\u00f5ime koguda ja t\u00f6\u00f6delda j\u00e4rgmisi isikuandmeid v\u00e4rbamisprotsessi raames:<\/p>\n<\/div>\n<div class=\"table-1\">\n<p>&nbsp;<\/p>\n<table width=\"100%\">\n<thead>\n<tr>\n<th align=\"left\">Eesm\u00e4rk<\/th>\n<th align=\"left\">Andmet\u00fc\u00fcbid<\/th>\n<th align=\"left\">\u00d5iguslik alus<\/th>\n<\/tr>\n<\/thead>\n<tbody>\n<tr>\n<td align=\"left\">Avalduste haldus ja kandidaatidega suhtlemine<\/td>\n<td align=\"left\">CV, kaaskiri, t\u00f6\u00f6proovide n\u00e4idised, kontaktandmed, palgasoov, intervjuude ja testide andmed, suhtluse sisu, kandideerimise ajalugu<\/td>\n<td align=\"left\">\u00d5igustatud huvi &#8211; kandidaadi sobivuse hindamiseks ja v\u00e4rbamisprotsessi korraldamiseks, sh suhtlemiseks ametikohtade kohta.<\/td>\n<\/tr>\n<tr>\n<td align=\"left\">Tehisintellektil p\u00f5hinevad anal\u00fc\u00fcsid ja videosalvestused<\/td>\n<td align=\"left\">CV sisu, video- v\u00f5i helisalvestised, AI poolt loodud kokkuv\u00f5tted v\u00f5i punktisummad<\/td>\n<td align=\"left\">\u00d5igustatud huvi \u2013 hindamisprotsessi t\u00f5hususe ja j\u00e4rjepidevuse suurendamiseks; kui rakendub automatiseeritud otsustamine, kehtivad t\u00e4iendavad kaitsemeetmed.<\/td>\n<\/tr>\n<tr>\n<td align=\"left\">Kandidaatide otsing ja profiilide koostamine<\/td>\n<td align=\"left\">Avalikud profiilid (nt LinkedIn), soovitused, suhtlus, CV-d kolmandatelt osapooltelt<\/td>\n<td align=\"left\">\u00d5igustatud huvi \u2013 tuvastada, hinnata ja hoida kontakti potentsiaalsete kandidaatidega.<\/td>\n<\/tr>\n<tr>\n<td align=\"left\">Karj\u00e4\u00e4rilehe toimimine ja anal\u00fc\u00fctika<\/td>\n<td align=\"left\">IP-aadress, brauseri t\u00fc\u00fcp, seadme info, sessiooni logid, tehnilised logid, k\u00fcpsised<\/td>\n<td align=\"left\">\u00d5igustatud huvi \u2013 karj\u00e4\u00e4rilehe t\u00f6\u00f6 tagamine ja t\u00e4iustamine. <br \/>K\u00fcpsiste puhul \u2013 vajadusel n\u00f5usolek (vt <a href=\"https:\/\/iute.com\/et\/kupsiste-kasutamine\/\" target=\"_blank\" rel=\"noopener\">k\u00fcpsiste kasutamine<\/a>).<\/td>\n<\/tr>\n<tr>\n<td align=\"left\">K\u00fcsitlused ja tagasiside<\/td>\n<td align=\"left\">Kontaktandmed, suhtlussisu<\/td>\n<td align=\"left\">\u00d5igustatud huvi \u2013 tagasiside kogumiseks ja v\u00e4rbamisprotsessi t\u00e4iustamiseks.<\/td>\n<\/tr>\n<tr>\n<td align=\"left\">Taustakontroll ja soovitused<\/td>\n<td align=\"left\">Soovitaja kontaktandmed, tagasiside viitelt<\/td>\n<td align=\"left\">\u00d5igustatud huvi \u2013 kandidaadi sobivuse kontrollimiseks.<\/td>\n<\/tr>\n<tr>\n<td align=\"left\">Lepingueelne ja -j\u00e4rgne suhtlus<\/td>\n<td align=\"left\">Isikut t\u00f5endavad andmed, t\u00f6\u00f6h\u00f5iveajalugu, haridustaust, allkirjastatud dokumendid<\/td>\n<td align=\"left\">Vajalik t\u00f6\u00f6lepingu s\u00f5lmimiseks v\u00f5i selle t\u00e4itmiseks.<\/td>\n<\/tr>\n<tr>\n<td align=\"left\">\u00d5iguslike kohustuste t\u00e4itmine ja \u00f5iguste kaitse<\/td>\n<td align=\"left\">Asjakohased andmed, sh kontaktandmed, kandideerimisandmed, intervjuu m\u00e4rkmed<\/td>\n<td align=\"left\">\u00d5igustatud huvi \u2013 \u00f5igusn\u00f5uete esitamiseks, t\u00e4itmiseks v\u00f5i kaitsmiseks; samuti juriidiliste kohustuste j\u00e4rgimiseks.<\/td>\n<\/tr>\n<\/tbody>\n<\/table>\n<\/div>\n<div class=\"fusion-text fusion-text-4\" style=\"--awb-margin-top:25px;\"><p>IV. Isikuandmete allikad<\/p>\n<p><b>4.1<\/b> Enamik isikuandmeid saadakse otseselt kandidaadilt \u2013 n\u00e4iteks kandideerimisavalduste, suhtluse, intervjuude v\u00f5i testide kaudu. Nende hulka kuuluvad muu hulgas CV, kaaskiri, palgasoov ning muu vabatahtlikult esitatud teave.<\/p>\n<p><b>4.2<\/b> Karj\u00e4\u00e4rilehe k\u00fclastamisel kogutakse tehnilisi ja statistilisi andmeid, nagu IP-aadress, brauseri t\u00fc\u00fcp, sessioonik\u00e4itumine ja muud seadmega seotud tehnilised n\u00e4itajad. Selline teave aitab m\u00f5ista, kuidas lehte kasutatakse, ning v\u00f5imaldab selle toimivust t\u00e4iustada. T\u00e4psem teave on k\u00e4ttesaadav <a href=\"https:\/\/iute.com\/et\/kupsiste-kasutamine\/\" target=\"_blank\" rel=\"noopener noreferrer\">k\u00fcpsiste kasutamises<\/a>.<\/p>\n<p><b>4.3<\/b> T\u00f6\u00f6alast teavet v\u00f5idakse koguda ka avalikest allikatest, n\u00e4iteks LinkedInist, t\u00f6\u00f6portaalidest v\u00f5i t\u00f6\u00f6andjate veebilehtedelt.<\/p>\n<p><b>4.4<\/b> Isikuandmeid v\u00f5idakse saada ka j\u00e4rgmiste kanalite kaudu:<\/p>\n<ul>\n<li>meie t\u00f6\u00f6tajate v\u00f5i muude kontaktisikute soovitused;<\/li>\n<li>v\u00e4rbamisagentuurid, kes tegutsevad enne andmete edastamist iseseisvate vastutavate t\u00f6\u00f6tlejatena;<\/li>\n<li>kandidaadi enda poolt esitatud soovitajad, kellelt v\u00f5idakse k\u00fcsida taustainfot.<\/li>\n<\/ul>\n<p><strong>4.5<\/strong> V\u00e4rbamisprotsessi k\u00e4igus v\u00f5idakse luua ka t\u00e4iendavaid andmeid, n\u00e4iteks intervjuu m\u00e4rkmeid, hindamistulemusi ning suhtluslogisid kandidaadi ja v\u00e4rbamismeeskonna vahel.<\/p>\n<\/div><div class=\"fusion-text fusion-text-5\"><h6>V. Isikuandmete jagamine<\/h6>\n<p><b>5.1<\/b> Isikuandmeid v\u00f5idakse jagada usaldusv\u00e4\u00e4rsete volitatud t\u00f6\u00f6tlejatega, kui see on vajalik meie tegevuse toetamiseks ja teenuste osutamiseks. Sellisteks kolmandateks osapoolteks v\u00f5ivad olla n\u00e4iteks:<\/p>\n<ul>\n<li>t\u00f6\u00f6portaalide ja v\u00e4rbamiskeskkondade teenusepakkujad, kes toetavad v\u00e4rbamisprotsessi haldamist (vt <a href=\"https:\/\/iute.com\/et\/toolevotu-privaatsusteade\/\" target=\"_blank\" rel=\"noopener\">t\u00f6\u00f6lev\u00f5tu privaatsusteade<\/a>);<\/li>\n<li>anal\u00fc\u00fctika- ja turundusteenuse pakkujad, kelle abil hinnatakse veebilehe toimivust ning kasutajakogemust (vt <a href=\"https:\/\/iute.com\/et\/kupsiste-kasutamine\/\" target=\"_blank\" rel=\"noopener\">k\u00fcpsiste kasutamise teave<\/a>);<\/li>\n<li>IT- ja majutusteenuse pakkujad, kes tagavad tehnilise taristu ja platvormide t\u00f6\u00f6kindluse;<\/li>\n<li>\u00f5igus- ja j\u00e4relevalveasutused, kui vastav n\u00f5ue tuleb \u00f5igusaktidest. <\/li>\n<\/ul>\n<p><strong>5.2<\/strong> K\u00f5ik koost\u00f6\u00f6partnerid, kellele isikuandmete t\u00f6\u00f6tlemine usaldatakse, tegutsevad kehtivate andmekaitsen\u00f5uete piirides ning on seotud asjakohaste andmet\u00f6\u00f6tluslepingutega.<\/p>\n<p><strong>5.3<\/strong> Isikuandmeid ei m\u00fc\u00fcda, rendita ega edastata kolmandatele isikutele kommertseesm\u00e4rkidel mitte \u00fchelgi viisil. <\/p>\n<\/div><div class=\"fusion-text fusion-text-6\"><h6>VI. Isikuandmete edastamine kolmandatesse riikidesse <\/h6>\n<p><b>6.1 <\/b>Isikuandmeid \u00fcldjuhul ei edastata v\u00e4ljapoole Euroopa Liitu (EL) ega Euroopa Majanduspiirkonda (EMP). Kui aga andmete edastamine kolmandatesse riikidesse osutub vajalikuks \u2013 n\u00e4iteks seoses teenusepakkujatega, kelle tegevuskoht asub v\u00e4ljaspool ELi v\u00f5i EMPi \u2013 tagatakse, et edastamine toimub vastavuses kehtivate andmekaitsen\u00f5uetega ning asjakohaste kaitsemeetmete alusel. <\/p>\n<p><b>6.2<\/b> Andmeedastus v\u00f5ib p\u00f5hineda Euroopa Komisjoni otsusel vastava riigi piisava kaitsetaseme kohta v\u00f5i kasutada standardseid lepingutingimusi v\u00f5i muid samav\u00e4\u00e4rseid kaitsemeetmeid, mis tagavad andmete piisava kaitse ka v\u00e4ljaspool ELi\/EMPi. <\/p>\n<p><b>6.3<\/b> Lisaks rakendatakse sobivaid tehnilisi ja organisatsioonilisi turvameetmeid, mis kaitsevad isikuandmeid nii edastamise k\u00e4igus kui ka p\u00e4rast seda, l\u00e4htudes teostatavusest ja t\u00f5hususest. <\/p>\n<p><b>6.4<\/b> T\u00e4iendavat teavet andmeedastuste ja rakendatud kaitsemeetmete kohta on v\u00f5imalik saada, v\u00f5ttes \u00fchendust allpool toodud kontaktandmete kaudu. <\/p>\n<\/div><div class=\"fusion-text fusion-text-7\"><h6>VII. Isikuandmete s\u00e4ilitamine<\/h6>\n<p><b>7.1<\/b> Isikuandmeid s\u00e4ilitame ainult nii kaua, kui see on vajalik k\u00e4esolevas privaatsusteates kirjeldatud eesm\u00e4rkide t\u00e4itmiseks. N\u00e4iteks:<\/p>\n<ul>\n<li>kontaktivormi kaudu edastatud andmeid s\u00e4ilitame kuni 1 aasta;<\/li>\n<li>t\u00f6\u00f6le kandideerimise andmeid s\u00e4ilitame kuni 1 aasta;<\/li>\n<li>karj\u00e4\u00e4rilehe k\u00fclastajate tehnilisi andmeid s\u00e4ilitame kuni 1 aasta;<\/li>\n<li>k\u00fcpsistega seotud andmete s\u00e4ilitamise kohta leiab t\u00e4psema teabe <a href=\"https:\/\/iute.com\/et\/kupsiste-kasutamine\/\" target=\"_blank\" rel=\"noopener\">siit<\/a>. <\/li>\n<\/ul>\n<p><strong>7.2<\/strong> Teatud juhtudel v\u00f5ime isikuandmeid s\u00e4ilitada ka kauem, kui see on n\u00f5utud kehtiva \u00f5iguse alusel v\u00f5i vajalik \u00f5igusvaidluste lahendamiseks, n\u00f5uete esitamiseks v\u00f5i lepinguliste \u00f5iguste kaitsmiseks ja t\u00e4itmiseks.<\/p>\n<p><strong>7.3<\/strong> Kui konkreetset t\u00e4htaega ei ole m\u00e4\u00e4ratud, hinnatakse sobiv andmete s\u00e4ilitamise periood l\u00e4htuvalt andmete liigist ja kogumise eesm\u00e4rgist.<\/p>\n<\/div><div class=\"fusion-text fusion-text-8\"><h6>VIII. Kandidaadi \u00f5igused<\/h6>\n<p><b>8.1 <\/b>Kehtivate andmekaitsem\u00e4\u00e4ruste alusel on kandidaadil \u00f5igus oma isikuandmete osas kasutada j\u00e4rgmisi \u00f5igusi:<\/p>\n<ul>\n<li>\u00d5igus tutvuda andmetega \u2013 \u00f5igus saada kinnitust selle kohta, kas isikuandmeid t\u00f6\u00f6deldakse, ning tutvuda kogutud andmetega ja saada neist koopia;<\/li>\n<li>Parandamis\u00f5igus \u2013 \u00f5igus n\u00f5uda ebat\u00e4psete v\u00f5i puudulike isikuandmete parandamist;<\/li>\n<li>Kustutamis\u00f5igus (\u201e\u00f5igus olla unustatud\u201c) \u2013 teatud juhtudel \u00f5igus taotleda isikuandmete kustutamist;<\/li>\n<li>T\u00f6\u00f6tlemise piiramise \u00f5igus \u2013 \u00f5igus n\u00f5uda andmete t\u00f6\u00f6tlemise ajutist peatamist kindlates olukordades;<\/li>\n<li>Andmete \u00fclekantavuse \u00f5igus \u2013 \u00f5igus saada oma andmed struktureeritud ja \u00fcldkasutatavas masinloetavas vormingus ning edastada need teisele vastutavale t\u00f6\u00f6tlejale;<\/li>\n<li>Vastuv\u00e4ite esitamise \u00f5igus \u2013 \u00f5igus esitada vastuv\u00e4iteid andmete t\u00f6\u00f6tlemisele, mis p\u00f5hineb meie \u00f5igustatud huvil;<\/li>\n<li>N\u00f5usoleku tagasiv\u00f5tmise \u00f5igus \u2013 \u00f5igus v\u00f5tta oma n\u00f5usolek tagasi igal ajal, ilma et see m\u00f5jutaks enne tagasiv\u00f5tmist toimunud t\u00f6\u00f6tlemise seaduslikkust;<\/li>\n<li>Kaebuse esitamise \u00f5igus \u2013 \u00f5igus esitada kaebus kas otse meile v\u00f5i p\u00e4devale j\u00e4relevalveasutusele (vt allpool).<\/li>\n<\/ul>\n<p><b>8.2<\/b> Vastame taotlustele hiljemalt \u00fche kuu jooksul vastavalt IK\u00dcM-le. Tasu taotluse eest \u00fcldjuhul ei rakendata, v\u00e4lja arvatud juhul, kui taotlus on ilmselgelt p\u00f5hjendamatu v\u00f5i \u00fclem\u00e4\u00e4rane.<\/p>\n<p><b>8.3<\/b> \u00d5iguste kasutamiseks:<\/p>\n<ul>\n<li>K\u00fclasta <a href=\"https:\/\/iute1-1748010032.teamtailor.com\/data-privacy\" target=\"_blank\" rel=\"noopener noreferrer\">Data &amp; Privacy<\/a> lehek\u00fclge meie Karj\u00e4\u00e4rilehel<\/li>\n<li><a href=\"https:\/\/careers.iute.com\/sso_login\" target=\"_blank\" rel=\"noopener noreferrer\">Logi sisse<\/a> oma kontole ja muuda seadeid<\/li>\n<li>V\u00f5ta meiega \u00fchendust <span style=\"color: var(--awb-color4);\">dpo@iute.com<\/span> <\/li>\n<\/ul>\n<\/div><div class=\"fusion-text fusion-text-9\"><h6>IX. Kaebuste esitamine<\/h6>\n<p><b>9.1 <\/b>Kui usud, et sinu andmesubjekti \u00f5igusi on rikutud, on sul \u00f5igus p\u00f6\u00f6rduda meie poole e-posti aadressil <span style=\"color: var(--awb-color4);\">dpo@iute.com<\/span> v\u00f5i esitada kaebus Andmekaitse Inspektsioonile:<\/p>\n<ul>\n<li>E-post: <span style=\"color: var(--awb-color4);\">info@aki.ee<\/span><\/li>\n<li>Veebileht: <a href=\"https:\/\/www.aki.ee\" target=\"_blank\" rel=\"noopener noreferrer\">www.aki.ee<\/a><\/li>\n<\/ul>\n<\/div><div class=\"fusion-text fusion-text-10\"><h6>X. Muudatused<\/h6>\n<p><b>10.1<\/b> Privaatsusteadet v\u00f5idakse aeg-ajalt muuta. K\u00f5ik muudatused avaldatakse k\u00e4esoleval veebilehel. <\/p>\n<p>Last updated: July 24, 2025<\/p>\n<\/div><\/div><\/div><\/div><\/div>\n","protected":false},"excerpt":{"rendered":"","protected":false},"author":21,"featured_media":0,"parent":0,"menu_order":0,"comment_status":"closed","ping_status":"closed","template":"","meta":{"footnotes":""},"class_list":["post-25626","page","type-page","status-publish","hentry"],"_links":{"self":[{"href":"https:\/\/iute.com\/et\/wp-json\/wp\/v2\/pages\/25626","targetHints":{"allow":["GET"]}}],"collection":[{"href":"https:\/\/iute.com\/et\/wp-json\/wp\/v2\/pages"}],"about":[{"href":"https:\/\/iute.com\/et\/wp-json\/wp\/v2\/types\/page"}],"author":[{"embeddable":true,"href":"https:\/\/iute.com\/et\/wp-json\/wp\/v2\/users\/21"}],"replies":[{"embeddable":true,"href":"https:\/\/iute.com\/et\/wp-json\/wp\/v2\/comments?post=25626"}],"version-history":[{"count":3,"href":"https:\/\/iute.com\/et\/wp-json\/wp\/v2\/pages\/25626\/revisions"}],"predecessor-version":[{"id":25715,"href":"https:\/\/iute.com\/et\/wp-json\/wp\/v2\/pages\/25626\/revisions\/25715"}],"wp:attachment":[{"href":"https:\/\/iute.com\/et\/wp-json\/wp\/v2\/media?parent=25626"}],"curies":[{"name":"wp","href":"https:\/\/api.w.org\/{rel}","templated":true}]}}