{"id":4097,"date":"2018-08-28T12:34:15","date_gmt":"2018-08-28T09:34:15","guid":{"rendered":"http:\/\/vebimarket.veebispetsid.com\/?page_id=4097"},"modified":"2025-08-13T16:34:54","modified_gmt":"2025-08-13T13:34:54","slug":"privaatsusteate","status":"publish","type":"page","link":"https:\/\/iute.com\/et\/privaatsusteate\/","title":{"rendered":"Privaatsusteate"},"content":{"rendered":"<div class=\"fusion-fullwidth fullwidth-box fusion-builder-row-1 fusion-flex-container nonhundred-percent-fullwidth non-hundred-percent-height-scrolling gradient-container-1\" style=\"--awb-border-radius-top-left:0px;--awb-border-radius-top-right:0px;--awb-border-radius-bottom-right:0px;--awb-border-radius-bottom-left:0px;--awb-margin-bottom:20px;--awb-flex-wrap:wrap;\" ><div class=\"fusion-builder-row fusion-row fusion-flex-align-items-flex-start fusion-flex-justify-content-center fusion-flex-content-wrap\" style=\"max-width:1456px;margin-left: calc(-4% \/ 2 );margin-right: calc(-4% \/ 2 );\"><div class=\"fusion-layout-column fusion_builder_column fusion-builder-column-0 fusion_builder_column_2_3 2_3 fusion-flex-column\" style=\"--awb-bg-blend:overlay;--awb-bg-size:cover;--awb-width-large:66.666666666667%;--awb-margin-top-large:0px;--awb-spacing-right-large:2.88%;--awb-margin-bottom-large:20px;--awb-spacing-left-large:2.88%;--awb-width-medium:100%;--awb-spacing-right-medium:1.92%;--awb-spacing-left-medium:1.92%;--awb-width-small:100%;--awb-spacing-right-small:1.92%;--awb-spacing-left-small:1.92%;\"><div class=\"fusion-column-wrapper fusion-flex-justify-content-flex-start fusion-content-layout-column\"><div class=\"fusion-title title fusion-title-1 fusion-sep-none fusion-title-text fusion-title-size-one\" style=\"--awb-margin-bottom:1em;--awb-margin-top-small:0px;--awb-margin-right-small:0px;--awb-margin-bottom-small:20px;--awb-margin-left-small:0px;\"><h1 class=\"fusion-title-heading title-heading-left fusion-responsive-typography-calculated\" style=\"margin:0;--fontSize:36;line-height:1.3;\">Privaatsusteade<\/h1><\/div><div class=\"fusion-text fusion-text-1\"><h6>I. Privaatsusteate eesm\u00e4rk<\/h6>\n<p><b>1.1 <\/b>K\u00e4esoleva privaatsusteate (\u201e<b>Privaatsusteade<\/b>\u201c) eesm\u00e4rk on selgitada, kuidas Iute Group AS (\u201e<b>Iute<\/b>\u201c, \u201e<b>meie<\/b>\u201c, \u201e<b>me<\/b>\u201c) kogub ja t\u00f6\u00f6tleb isikuandmeid f\u00fc\u00fcsiliste isikute (\u201eandmesubjekt\u201c) kohta, kes puutuvad puutuvad meiega kokku. See h\u00f5lmab muu hulgas veebilehe kasutamist, suhtlust meiega ning osalemist tegevustes partneri v\u00f5i k\u00fclalisena.<\/p>\n<p><b>1.2<\/b> Isikuandmete edastamisega kinnitatakse, et Privaatsusteate sisu on l\u00e4bi loetud ja sellest on aru saadud.<\/p>\n<p><b>T\u00e4helepanu!<\/b> Iute Groupi t\u00f6\u00f6le kandideerides tutvuda v\u00e4rbamisprotsessile kohandatud <a href=\"https:\/\/iute.com\/et\/toolevotu-privaatsusteade\/\" target=\"_blank\" rel=\"noopener\">privaatsusteatega<\/a>, kus on esitatud teave v\u00e4rbamise k\u00e4igus t\u00f6\u00f6deldavate isikuandmete kohta.<\/p>\n<\/div><div class=\"fusion-text fusion-text-2\"><h6>II. Kes me oleme<\/h6>\n<p><b>2.1<\/b> Isikuandmete kaitse \u00fcldm\u00e4\u00e4ruse (\u201eIK\u00dcM\u201c) kohaselt on andmet\u00f6\u00f6tlejaks Iute Group AS. K\u00fcsimuste korral v\u00f5tta \u00fchendust e-posti aadressil <span style=\"color: var(--awb-color4);\">dpo@iute.com<\/span>.<\/p>\n<p><b>2.2<\/b> Iute Group AS tegutseb ka kaasvastutava t\u00f6\u00f6tlejana koos oma t\u00fctarettev\u00f5tetega. Kaasvastutuse kokkulepetes on selgelt m\u00e4\u00e4ratletud osapoolte vastutusvaldkonnad ja rollid. T\u00fctarettev\u00f5tted suhtlevad otse klientidega ning vastutavad teenuste osutamise eest. Iute Group AS toetab neid tegevusi pakkudes grupisiseseid IT-lahendusi, tehnilist taristut, andmete varundamist ning strateegilist juhtimist. Sellise korralduse raames v\u00f5ib Iute Group AS teatud juhtudel kliendiandmetele ligi p\u00e4\u00e4seda ning neid t\u00f6\u00f6delda n\u00e4iteks teenuse kvaliteedi parandamiseks, andmeanal\u00fc\u00fcsiks, vastavuskontrolliks v\u00f5i platvormi haldamise ja arendamise eesm\u00e4rgil.<\/p>\n<p><b>2.3<\/b> \u00dclevaadet kaasvastutuse kokkulepete sisust on v\u00f5imalik saada vastava p\u00e4ringu alusel, p\u00f6\u00f6rdudes aadressil  <span style=\"color: var(--awb-color4);\">dpo@iute.com<\/span>.<\/p>\n<p><b>2.4<\/b> T\u00fctarettev\u00f5tete loetelu ning riigid, kus kaasvastutuse lepingud kehtivad, on k\u00e4ttesaadavad soovi korral e-posti teel v\u00f5i meie veebilehe vahendusel.<\/p>\n<\/div><div class=\"fusion-text fusion-text-3\"><h6>III. Isikuandmete liigid<\/h6>\n<p><span style=\"background-color: rgba(0, 0, 0, 0);\"><b>3.1<\/b> <\/span><span style=\"background-color: rgba(0, 0, 0, 0);\">Olenevalt  andmesubjekti suhtlusest meiega, v\u00f5ime koguda ja t\u00f6\u00f6delda j\u00e4rgmisi isikuandmeid:<\/span><\/p>\n<\/div>\n<div class=\"table-1\">\n<p>&nbsp;<\/p>\n<table width=\"100%\">\n<thead>\n<tr>\n<th align=\"left\">Eesm\u00e4rk<\/th>\n<th align=\"left\">Andmet\u00fc\u00fcbid<\/th>\n<th align=\"left\">\u00d5iguslik alus<\/th>\n<\/tr>\n<\/thead>\n<tbody>\n<tr>\n<td align=\"left\">Veebilehe kasutamine<\/td>\n<td align=\"left\">Tehniline ja kasutusinfo, sealhulgas IP-aadress, brauserit\u00fc\u00fcp, operatsioonis\u00fcsteem, k\u00fclastatud lehed ja sessioonide andmed.<\/td>\n<td align=\"left\">\u00d5igustatud huvi &#8211; meie veebilehe ja teenuste turvalisuse, funktsionaalsuse ja toimivuse tagamiseks.<\/td>\n<\/tr>\n<tr>\n<td align=\"left\">K\u00fcpsised ja j\u00e4lgimine<\/td>\n<td align=\"left\">K\u00fcpsise identifikaatorid, sessiooni ID-d, kasutuseelistused ja j\u00e4lgimispiksleid.<\/td>\n<td align=\"left\">N\u00f5usolek mittekohustuslike k\u00fcpsiste puhul; \u00f5igustatud huvi v\u00f5i lepingu t\u00e4itmine kohustuslike k\u00fcpsiste puhul \u2013 vastavalt meie <br \/><a href=\"https:\/\/iute.com\/et\/kupsiste-kasutamine\/\" target=\"_blank\" rel=\"noopener\">k\u00fcpsiste kasutamisele<\/a>.<\/td>\n<\/tr>\n<tr>\n<td align=\"left\">Suhtlusandmed<\/td>\n<td align=\"left\">Teave, mida esitatakse vabatahtlikult kontaktvormide, e-posti, telefoni v\u00f5i muude kanalite kaudu \u2013 n\u00e4iteks nimi, e-posti aadress, telefoninumber ja s\u00f5numi sisu.<\/td>\n<td align=\"left\">N\u00f5usolek \u2013 vastavalt GDPR artiklile 6(1)(a). N\u00f5usoleku v\u00f5ib igal ajal tagasi v\u00f5tta.<\/td>\n<\/tr>\n<tr>\n<td align=\"left\">V\u00e4rbamine<\/td>\n<td align=\"left\">Palume tutvuda meie <a href=\"https:\/\/iute.com\/et\/toolevotu-privaatsusteade\/\" target=\"_blank\" rel=\"noopener\">t\u00f6\u00f6lev\u00f5tu privaatsusteatega<\/a>.<\/td>\n<td align=\"left\">&#8211;<\/td>\n<\/tr>\n<tr>\n<td align=\"left\">Lepingute s\u00f5lmimine ja t\u00e4itmine<\/td>\n<td align=\"left\">Nimi, kontaktandmed, ametinimetus, t\u00f6\u00f6andja (kui asjakohane).<\/td>\n<td align=\"left\">Lepingu t\u00e4itmine \u2013 vajalik lepingu s\u00f5lmimiseks v\u00f5i t\u00e4itmiseks.<\/td>\n<\/tr>\n<tr>\n<td align=\"left\">Grupisisene andmevahetus<\/td>\n<td align=\"left\">Kuna meil on mitu omavahel seotud grupiettev\u00f5tet, v\u00f5ime jagada sinu isikuandmeid nende ettev\u00f5tetega, sh klientide andmeid, mida koguvad t\u00fctarettev\u00f5tted, ning mida kasutame n\u00e4iteks IT-s\u00fcsteemide halduseks, anal\u00fc\u00fctikaks, vastavuskontrolliks ja muuks sarnaseks.<\/td>\n<td align=\"left\">S\u00f5ltuvalt eesm\u00e4rgist \u2013 \u00f5igustatud huvi (nt teenuste kvaliteedi tagamine, grupisisene efektiivsus), lepingu t\u00e4itmine, \u00f5iguslik kohustus.<\/td>\n<\/tr>\n<tr>\n<td align=\"left\">\u00d5iguste kaitsmine<\/td>\n<td align=\"left\">K\u00f5ik asjakohased andmed (nt logid, autentimisandmed, j\u00e4ljed, kontaktinfo), mis on vajalikud rikkumiste uurimiseks, tuvastamiseks v\u00f5i \u00f5igusn\u00f5uete esitamiseks.<\/td>\n<td align=\"left\">\u00d5igustatud huvi \u2013 oma \u00f5iguste kaitsmine, pettuste ennetamine ja vaidluste lahendamine.<\/td>\n<\/tr>\n<tr>\n<td align=\"left\">\u00d5iguslike kohustuste t\u00e4itmine<\/td>\n<td align=\"left\">K\u00f5ik andmed, mis on vajalikud \u00f5igusnormide t\u00e4itmiseks (nt andmed maksude, varukoopiate, e-kirjade jm kohta).<\/td>\n<td align=\"left\">\u00d5iguslik kohustus \u2013 kohalduvate \u00f5igusaktide t\u00e4itmiseks.<\/td>\n<\/tr>\n<tr>\n<td align=\"left\">S\u00fcsteemide, infrastruktuuri ja teenuste turvalisus<\/td>\n<td align=\"left\">Tehnilised logid, ligip\u00e4\u00e4sulogid, kasutajatunnused, IP-aadressid, seadme identifikaatorid ja muu metainfo.<\/td>\n<td align=\"left\">\u00d5igustatud huvi \u2013 k\u00fcberturbe tagamine, pettuste v\u00e4ltimine ning teenuste k\u00e4ttesaadavuse ja t\u00f6\u00f6kindluse tagamine.<\/td>\n<\/tr>\n<\/tbody>\n<\/table>\n<\/div>\n<div class=\"fusion-text fusion-text-4\" style=\"--awb-margin-top:30px;\"><h6>IV. Isikuandmete jagamine<\/h6>\n<p><b>4.1 <\/b>Isikuandmeid v\u00f5idakse jagada usaldusv\u00e4\u00e4rsete volitatud t\u00f6\u00f6tlejatega, kui see on vajalik meie tegevuse toetamiseks ja teenuste osutamiseks. Sellisteks kolmandateks osapoolteks v\u00f5ivad olla n\u00e4iteks:<\/p>\n<ul>\n<li>t\u00f6\u00f6portaalide ja v\u00e4rbamiskeskkondade teenusepakkujad, kes toetavad v\u00e4rbamisprotsessi haldamist (vt <a href=\"https:\/\/iute.com\/et\/toolevotu-privaatsusteade\/\" target=\"_blank\" rel=\"noopener\">t\u00f6\u00f6lev\u00f5tu privaatsusteade<\/a>);<\/li>\n<li>anal\u00fc\u00fctika- ja turundusteenuse pakkujad, kelle abil hinnatakse veebilehe toimivust ning kasutajakogemust (vt <a href=\"https:\/\/iute.com\/et\/kupsiste-kasutamine\/\" target=\"_blank\" rel=\"noopener\">k\u00fcpsiste kasutamise teave<\/a>);<\/li>\n<li>IT- ja majutusteenuse pakkujad, kes tagavad tehnilise taristu ja platvormide t\u00f6\u00f6kindluse;<\/li>\n<li>\u00f5igus- ja j\u00e4relevalveasutused, kui vastav n\u00f5ue tuleb \u00f5igusaktidest.<\/li>\n<\/ul>\n<p><strong>4.2<\/strong> K\u00f5ik koost\u00f6\u00f6partnerid, kellele isikuandmete t\u00f6\u00f6tlemine usaldatakse, tegutsevad kehtivate andmekaitsen\u00f5uete piirides ning on seotud asjakohaste andmet\u00f6\u00f6tluslepingutega.<\/p>\n<p><strong>4.3<\/strong> Isikuandmeid ei m\u00fc\u00fcda, rendita ega edastata kolmandatele isikutele kommertseesm\u00e4rkidel mitte \u00fchelgi viisil.<\/p>\n<\/div><div class=\"fusion-text fusion-text-5\"><h6>V. Isikuandmete edastamine kolmandatesse riikidesse<\/h6>\n<p><b>5.1 <\/b>Isikuandmeid \u00fcldjuhul ei edastata v\u00e4ljapoole Euroopa Liitu (EL) ega Euroopa Majanduspiirkonda (EMP). Kui aga andmete edastamine kolmandatesse riikidesse osutub vajalikuks \u2013 n\u00e4iteks seoses teenusepakkujatega, kelle tegevuskoht asub v\u00e4ljaspool ELi v\u00f5i EMPi \u2013 tagatakse, et edastamine toimub vastavuses kehtivate andmekaitsen\u00f5uetega ning asjakohaste kaitsemeetmete alusel.<\/p>\n<p><span style=\"background-color: rgba(0, 0, 0, 0);\"><b>5.2<\/b> Andmeedastus v\u00f5ib p\u00f5hineda Euroopa Komisjoni otsusel vastava riigi piisava kaitsetaseme kohta v\u00f5i kasutada standardseid lepingutingimusi v\u00f5i muid samav\u00e4\u00e4rseid kaitsemeetmeid, mis tagavad andmete piisava kaitse ka v\u00e4ljaspool ELi\/EMPi.<\/span><\/p>\n<p><b>5.3<\/b> Lisaks rakendatakse sobivaid tehnilisi ja organisatsioonilisi turvameetmeid, mis kaitsevad isikuandmeid nii edastamise k\u00e4igus kui ka p\u00e4rast seda, l\u00e4htudes teostatavusest ja t\u00f5hususest.<\/p>\n<p><b>5.4 <\/b>T\u00e4iendavat teavet andmeedastuste ja rakendatud kaitsemeetmete kohta on v\u00f5imalik saada, v\u00f5ttes \u00fchendust allpool toodud kontaktandmete kaudu.<\/p>\n<\/div><div class=\"fusion-text fusion-text-6\"><h6>VI. Isikuandmete s\u00e4ilitamine<\/h6>\n<p><b>6.1<\/b> Isikuandmeid s\u00e4ilitame ainult nii kaua, kui see on vajalik k\u00e4esolevas privaatsusteates kirjeldatud eesm\u00e4rkide t\u00e4itmiseks. N\u00e4iteks:<\/p>\n<ul>\n<li>kontaktivormi kaudu edastatud andmeid s\u00e4ilitame kuni 1 aasta;<\/li>\n<li>t\u00f6\u00f6le kandideerimise andmete s\u00e4ilitamise kohta on teave esitatud <a href=\"https:\/\/iute.com\/et\/toolevotu-privaatsusteade\/\" target=\"_blank\" rel=\"noopener\">t\u00f6\u00f6lev\u00f5tu privaatsusteates<\/a>;<\/li>\n<li>veebianal\u00fc\u00fctika andmeid (kui neid kogutakse) s\u00e4ilitame kuni 2 aastat;<\/li>\n<li>k\u00fcpsistega seotud andmete s\u00e4ilitamise kohta leiab t\u00e4psema teabe <a href=\"https:\/\/iute.com\/et\/kupsiste-kasutamine\/\" target=\"_blank\" rel=\"noopener\">siit<\/a>.<\/li>\n<\/ul>\n<p><strong>6.2<\/strong> Teatud juhtudel v\u00f5ime isikuandmeid s\u00e4ilitada ka kauem, kui see on n\u00f5utud kehtiva \u00f5iguse alusel v\u00f5i vajalik \u00f5igusvaidluste lahendamiseks, n\u00f5uete esitamiseks v\u00f5i lepinguliste \u00f5iguste kaitsmiseks ja t\u00e4itmiseks.<\/p>\n<p><strong>6.3<\/strong> Kui konkreetset t\u00e4htaega ei ole m\u00e4\u00e4ratud, hinnatakse sobiv andmete s\u00e4ilitamise periood l\u00e4htuvalt andmete liigist ja kogumise eesm\u00e4rgist.<\/p>\n<\/div><div class=\"fusion-text fusion-text-7\"><h6>VII. Andmesubjekti \u00f5igused<\/h6>\n<p><b>7.1<\/b> Kehtivate andmekaitsem\u00e4\u00e4ruste alusel on andmesubjektil \u00f5igus oma isikuandmete osas kasutada j\u00e4rgmisi \u00f5igusi:<\/p>\n<ul>\n<li>Juurdep\u00e4\u00e4su\u00f5igus \u2013 \u00f5igus saada kinnitust selle kohta, kas isikuandmeid t\u00f6\u00f6deldakse, ning tutvuda kogutud andmetega ja saada neist koopia;<\/li>\n<li>Parandamis\u00f5igus \u2013 \u00f5igus n\u00f5uda ebat\u00e4psete v\u00f5i puudulike isikuandmete parandamist;<\/li>\n<li>Kustutamis\u00f5igus (\u201e\u00f5igus olla unustatud\u201c) \u2013 teatud juhtudel \u00f5igus taotleda isikuandmete kustutamist;<\/li>\n<li>T\u00f6\u00f6tlemise piiramise \u00f5igus \u2013 \u00f5igus n\u00f5uda andmete t\u00f6\u00f6tlemise ajutist peatamist kindlates olukordades;<\/li>\n<li>Andmete \u00fclekantavuse \u00f5igus \u2013 \u00f5igus saada oma andmed struktureeritud ja \u00fcldkasutatavas masinloetavas vormingus ning edastada need teisele vastutavale t\u00f6\u00f6tlejale;<\/li>\n<li>Vastuv\u00e4ite esitamise \u00f5igus \u2013 \u00f5igus esitada vastuv\u00e4iteid andmete t\u00f6\u00f6tlemisele, mis p\u00f5hineb meie \u00f5igustatud huvil;<\/li>\n<li>N\u00f5usoleku tagasiv\u00f5tmise \u00f5igus \u2013 \u00f5igus v\u00f5tta oma n\u00f5usolek tagasi igal ajal, ilma et see m\u00f5jutaks enne tagasiv\u00f5tmist toimunud t\u00f6\u00f6tlemise seaduslikkust;<\/li>\n<li>Kaebuse esitamise \u00f5igus \u2013 \u00f5igus esitada kaebus kas otse meile v\u00f5i p\u00e4devale j\u00e4relevalveasutusele (vt allpool).<\/li>\n<\/ul>\n<p><strong>7.2<\/strong> Vastame taotlustele hiljemalt \u00fche kuu jooksul vastavalt IK\u00dcM-le. Tasu taotluse eest \u00fcldjuhul ei rakendata, v\u00e4lja arvatud juhul, kui taotlus on ilmselgelt p\u00f5hjendamatu v\u00f5i \u00fclem\u00e4\u00e4rane.<\/p>\n<p><strong>7.3<\/strong> Oma \u00f5iguste kasutamiseks on v\u00f5imalik p\u00f6\u00f6rduda e-posti teel aadressil dpo@iute.com. \u00d5iguste kasutamise eest ei rakendata mingeid piiranguid ega diskrimineerivaid tagaj\u00e4rgi.<\/p>\n<\/div><div class=\"fusion-text fusion-text-8\"><h6>VIII. Kaebuste esitamine<\/h6>\n<p><b>8.1<\/b> Kui usud, et sinu andmesubjekti \u00f5igusi on rikutud, on sul \u00f5igus p\u00f6\u00f6rduda meie poole e-posti aadressil <span style=\"color: var(--awb-color4);\">dpo@iute.com<\/span> v\u00f5i esitada kaebus Andmekaitse Inspektsioonile:<\/p>\n<ul>\n<li>E-post:  <span style=\"color: var(--awb-color4);\">info@aki.ee<\/span><\/li>\n<li>Veebileht: <a href=\"https:\/\/www.aki.ee\" target=\"_blank\" rel=\"noopener noreferrer\">www.aki.ee<\/a><\/li>\n<\/ul>\n<\/div><div class=\"fusion-text fusion-text-9\"><h6>IX. Muudatused<\/h6>\n<p><strong>9.1<\/strong> Privaatsusteadet v\u00f5idakse aeg-ajalt muuta. K\u00f5ik muudatused avaldatakse k\u00e4esoleval veebilehel.<\/p>\n<p>Viimati uuendatud: 24. juuli, 2025<\/p>\n<\/div><\/div><\/div><\/div><\/div>\n","protected":false},"excerpt":{"rendered":"","protected":false},"author":8,"featured_media":0,"parent":0,"menu_order":0,"comment_status":"closed","ping_status":"closed","template":"","meta":{"footnotes":""},"class_list":["post-4097","page","type-page","status-publish","hentry"],"_links":{"self":[{"href":"https:\/\/iute.com\/et\/wp-json\/wp\/v2\/pages\/4097","targetHints":{"allow":["GET"]}}],"collection":[{"href":"https:\/\/iute.com\/et\/wp-json\/wp\/v2\/pages"}],"about":[{"href":"https:\/\/iute.com\/et\/wp-json\/wp\/v2\/types\/page"}],"author":[{"embeddable":true,"href":"https:\/\/iute.com\/et\/wp-json\/wp\/v2\/users\/8"}],"replies":[{"embeddable":true,"href":"https:\/\/iute.com\/et\/wp-json\/wp\/v2\/comments?post=4097"}],"version-history":[{"count":6,"href":"https:\/\/iute.com\/et\/wp-json\/wp\/v2\/pages\/4097\/revisions"}],"predecessor-version":[{"id":25717,"href":"https:\/\/iute.com\/et\/wp-json\/wp\/v2\/pages\/4097\/revisions\/25717"}],"wp:attachment":[{"href":"https:\/\/iute.com\/et\/wp-json\/wp\/v2\/media?parent=4097"}],"curies":[{"name":"wp","href":"https:\/\/api.w.org\/{rel}","templated":true}]}}